{"id":17724,"date":"2025-09-29T16:48:40","date_gmt":"2025-09-29T16:48:40","guid":{"rendered":"https:\/\/preparts.cat\/politica-de-privacidad\/"},"modified":"2026-03-19T15:41:32","modified_gmt":"2026-03-19T15:41:32","slug":"politica-de-privacidad","status":"publish","type":"page","link":"https:\/\/preparts.cat\/ca\/politica-de-privacidad\/","title":{"rendered":"Pol\u00edtica de Privacitat"},"content":{"rendered":"\t\t<div data-elementor-type=\"wp-page\" data-elementor-id=\"17724\" class=\"elementor elementor-17724 elementor-17314\">\n\t\t\t\t\t\t<section class=\"elementor-section elementor-top-section elementor-element elementor-element-30f09bc elementor-section-boxed elementor-section-height-default elementor-section-height-default sc_fly_static\" data-id=\"30f09bc\" data-element_type=\"section\">\n\t\t\t\t\t\t<div class=\"elementor-container elementor-column-gap-extended\">\n\t\t\t\t\t<div class=\"elementor-column elementor-col-100 elementor-top-column elementor-element elementor-element-0a74688 sc_content_align_inherit sc_layouts_column_icons_position_left sc_fly_static\" data-id=\"0a74688\" data-element_type=\"column\">\n\t\t\t<div class=\"elementor-widget-wrap elementor-element-populated\">\n\t\t\t\t\t\t<div class=\"elementor-element elementor-element-d6cf9b7 sc_fly_static elementor-widget elementor-widget-text-editor\" data-id=\"d6cf9b7\" data-element_type=\"widget\" data-widget_type=\"text-editor.default\">\n\t\t\t\t<div class=\"elementor-widget-container\">\n\t\t\t\t\t\t\t\t\t<p>Informaci\u00f3 Legal<\/p><p><u>CONDICIONS D&#8217;\u00daS<\/u><\/p><p>En compliment de la Llei 34\/2002, d&#8217;11 de juliol, de Serveis de la Societat de la Informaci\u00f3 i de Comer\u00e7 Electr\u00f2nic (LSSI-CE), PRECISSION PARTS PREPARTS SL informa que \u00e9s titular del lloc web http:\/\/www.preparts.es\/ . D&#8217;acord amb l&#8217;exig\u00e8ncia de l&#8217;article 10 de la citada Llei, PRECISSION PARTS PREPARTS SL informa de les seg\u00fcents dades:<\/p><p>El titular d&#8217;aquest lloc web \u00e9s PRECISSION PARTS PREPARTS SL, amb CIF B65354490 i domicili social en AVDA ARRAONA 25-29 NAU A \u2013 3, PI CA SALVATELLA 08210, BARBERA DEL VALLS (BARCELONA), inscrita en el Registre Mercantil, en el tom 41966, foli B397423, fulla B397423 i inscripci\u00f3 5 S8. L&#8217;adre\u00e7a de correu electr\u00f2nic de contacte amb l&#8217;empresa \u00e9s: calidad@preparts.es.<\/p><p><u>Usuari i r\u00e8gim de responsabilitats<\/u><\/p><p>La navegaci\u00f3, acc\u00e9s i \u00fas pel lloc web de PRECISSION PARTS PREPARTS SL confereix la condici\u00f3 d&#8217;usuari, per la qual s&#8217;accepten, des de la navegaci\u00f3 pel lloc web de PRECISSION PARTS PREPARTS SL, totes les condicions d&#8217;\u00fas aqu\u00ed establertes sense perjudici de l&#8217;aplicaci\u00f3 de la corresponent normativa d&#8217;obligat compliment legal segons el cas.<\/p><p>El lloc web de PRECISSION PARTS PREPARTS SL proporciona gran diversitat d&#8217;informaci\u00f3, serveis i dades. L&#8217;usuari assumeix la seva responsabilitat en l&#8217;\u00fas correcte del lloc web. Aquesta responsabilitat s&#8217;estendr\u00e0 a:<\/p><p>\u2013 La veracitat i licitud de les informacions aportades per l&#8217;usuari en els formularis estesos per PRECISSION PARTS PREPARTS SL per a l&#8217;acc\u00e9s a uns certs continguts o serveis oferts pel web.<\/p><p>\u2013 L&#8217;\u00fas de la informaci\u00f3, serveis i dades ofertes per PRECISSION PARTS PREPARTS SL contr\u00e0riament al que es disposa per les presents condicions, la Llei, la moral, els bons costums o l&#8217;ordre p\u00fablic, o que de qualsevol altre mode puguin suposar lesi\u00f3 dels drets de tercers o del mateix funcionament del lloc web.<\/p><p><u>Pol\u00edtica d&#8217;enlla\u00e7os i exempcions de responsabilitat<\/u><\/p><p>PRECISSION PARTS PREPARTS SL no es fa responsable del contingut dels llocs web als quals l&#8217;usuari pugui accedir a trav\u00e9s dels enlla\u00e7os establerts en el seu lloc web i declara que en cap cas procedir\u00e0 a examinar o exercitar cap mena de control sobre el contingut d&#8217;altres llocs de la xarxa. Aix\u00ed mateix, tampoc garantir\u00e0 la disponibilitat t\u00e8cnica, exactitud, veracitat, validesa o legalitat de llocs aliens a la seva propietat als quals es pugui accedir per mitj\u00e0 dels enlla\u00e7os.<\/p><p>PRECISSION PARTS PREPARTS SL declara haver adoptat totes les mesures necess\u00e0ries per a evitar qualsevol mal als usuaris del seu lloc web, que poguessin derivar-se de la navegaci\u00f3 pel seu lloc web. En conseq\u00fc\u00e8ncia, PRECISSION PARTS PREPARTS SL no es fa responsable, en cap cas, dels eventuals danys que per la navegaci\u00f3 per Internet pogu\u00e9s sofrir l&#8217;usuari.<\/p><p><u>Modificacions<\/u><\/p><p>PRECISSION PARTS PREPARTS SL es reserva el dret a realitzar les modificacions que consideri oportunes, sense av\u00eds previ, en el contingut del seu lloc web. Tant referent als continguts del lloc web, com en les condicions d&#8217;\u00fas d&#8217;aquest. Aquestes modificacions podran realitzar-se a trav\u00e9s del seu lloc web per qualsevol forma admissible en dret i seran d&#8217;obligat compliment durant el temps en qu\u00e8 es trobin publicades en la web i fins que no siguin modificades v\u00e0lidament per altres posteriors.<\/p><p><u>Protecci\u00f3 de dades<\/u><\/p><p>De conformitat amb el que s&#8217;estableix en la normativa vigent en Protecci\u00f3 de Dades de Car\u00e0cter Personal, l&#8217;informem que les seves dades seran incorporades al sistema de tractament titularitat de PRECISSION PARTS PREPARTS SL amb CIF B65354490 i domicili social situat en AVDA ARRAONA 25-29 NAU A \u2013 3, PI CA SALVATELLA 08210, BARBERA DEL VALLS (BARCELONA), amb la finalitat de poder facilitar, agilitzar i complir els compromisos establerts entre totes dues parts. En compliment amb la normativa vigent,<\/p><p>PRECISSION PARTS PREPARTS SL informa que les dades seran conservades durant el termini estrictament necessari per a complir amb els preceptes esmentats amb anterioritat. PRECISSION PARTS PREPARTS SL informa que procedir\u00e0 a tractar les dades de manera l\u00edcita, lleial, transparent, adequada, pertinent, limitada, exacta i actualitzada. \u00c9s per aix\u00f2 que PRECISSION PARTS PREPARTS SL es compromet a adoptar totes les mesures raonables perqu\u00e8 aquests se suprimeixin o rectifiquin sense dilaci\u00f3 quan siguin inexactes.<\/p><p>D&#8217;acord amb els drets que li confereix el la normativa vigent en protecci\u00f3 de dades podr\u00e0 exercir els drets d&#8217;acc\u00e9s, rectificaci\u00f3, limitaci\u00f3 de tractament, supressi\u00f3, portabilitat i oposici\u00f3 al tractament de les seves dades de car\u00e0cter personal aix\u00ed com del consentiment prestat per al tractament d&#8217;aquests, dirigint la seva petici\u00f3 a l&#8217;adre\u00e7a postal indicada m\u00e9s amunt o al correu electr\u00f2nic calidad@preparts.es.<\/p><p>Podr\u00e0 dirigir-se a l&#8217;Autoritat de Control competent per a presentar la reclamaci\u00f3 que consideri oportuna.<\/p><p><u>Propietat intel\u00b7lectual i industrial<\/u><\/p><p>PRECISSION PARTS PREPARTS SL per si mateixa o com a cession\u00e0ria, \u00e9s titular de tots els drets de propietat intel\u00b7lectual i industrial de la seva p\u00e0gina web, aix\u00ed com dels elements continguts en la mateixa (a t\u00edtol enunciatiu, imatges, so, \u00e0udio, v\u00eddeo, programari o textos; marques o logotips, combinacions de colors, estructura i disseny, selecci\u00f3 de materials usats, programes d&#8217;ordinador necessaris per al seu funcionament, acc\u00e9s i \u00fas, etc.), titularitat de PRECISSION PARTS PREPARTS SL. Seran, per conseg\u00fcent, obres protegides com a propietat intel\u00b7lectual per l&#8217;ordenament jur\u00eddic espanyol, sent-los aplicables tant la normativa espanyola i comunit\u00e0ria en aquest camp, com els tractats internacionals relatius a la mat\u00e8ria i subscrits per Espanya.<\/p><p>Tots els drets reservats. En virtut del que es disposa en la Llei de Propietat Intel\u00b7lectual, queden expressament prohibides la reproducci\u00f3, la distribuci\u00f3 i la comunicaci\u00f3 p\u00fablica, inclosa la seva modalitat de posada a disposici\u00f3, de la totalitat o part dels continguts d&#8217;aquesta p\u00e0gina web, amb finalitats comercials, en qualsevol suport i per qualsevol mitj\u00e0 t\u00e8cnic, sense l&#8217;autoritzaci\u00f3 de PRECISSION PARTS PREPARTS SL.<\/p><p>L&#8217;usuari es compromet a respectar els drets de Propietat Intel\u00b7lectual i Industrial titularitat de PRECISSION PARTS PREPARTS SL. Podr\u00e0 visualitzar els elements del portal i fins i tot imprimir-los, copiar-los i emmagatzemar-los en el disc dur del seu ordinador o en qualsevol altre suport f\u00edsic sempre que sigui, exclusivament, per al seu \u00fas personal i privat. L&#8217;usuari haur\u00e0 d&#8217;abstenir-se de suprimir, alterar, eludir o manipular qualsevol dispositiu de protecci\u00f3 o sistema de seguretat que estigu\u00e9s instal\u00b7lat en les p\u00e0gines de PRECISSION PARTS PREPARTS SL.<\/p><p><u>Accions legals, legislaci\u00f3 aplicable i jurisdicci\u00f3<\/u><\/p><p>PRECISSION PARTS PREPARTS SL es reserva, aix\u00ed mateix, la facultat de presentar les accions civils o penals que consideri oportunes per la utilitzaci\u00f3 indeguda del seu lloc web i continguts, o per l&#8217;incompliment de les presents condicions.<\/p><p>La relaci\u00f3 entre l&#8217;usuari i el prestador es regir\u00e0 per la normativa vigent i d&#8217;aplicaci\u00f3 en el territori espanyol. De sorgir qualsevol controv\u00e8rsia les parts podran sotmetre els seus conflictes a arbitratge o acudir a la jurisdicci\u00f3 ordin\u00e0ria complint amb les normes sobre jurisdicci\u00f3 i compet\u00e8ncia al respecte. PRECISSION PARTS PREPARTS SL t\u00e9 el seu domicili a BARCELONA, Espanya.<\/p>\t\t\t\t\t\t\t\t<\/div>\n\t\t\t\t<\/div>\n\t\t\t\t\t<\/div>\n\t\t<\/div>\n\t\t\t\t\t<\/div>\n\t\t<\/section>\n\t\t\t\t<\/div>\n\t\t","protected":false},"excerpt":{"rendered":"<p>Informaci\u00f3 Legal CONDICIONS D&#8217;\u00daS En compliment de la Llei 34\/2002, d&#8217;11 de juliol, de Serveis de la Societat de la Informaci\u00f3 i de Comer\u00e7 Electr\u00f2nic (LSSI-CE), PRECISSION PARTS PREPARTS SL&hellip;<\/p>\n","protected":false},"author":2,"featured_media":0,"parent":0,"menu_order":0,"comment_status":"closed","ping_status":"closed","template":"","meta":{"footnotes":""},"class_list":["post-17724","page","type-page","status-publish","hentry"],"yoast_head":"<!-- This site is optimized with the Yoast SEO plugin v27.1.1 - https:\/\/yoast.com\/product\/yoast-seo-wordpress\/ -->\n<title>Pol\u00edtica de Privacitat - Precission Parts Preparts<\/title>\n<meta name=\"robots\" content=\"index, follow, max-snippet:-1, max-image-preview:large, max-video-preview:-1\" \/>\n<link rel=\"canonical\" href=\"https:\/\/preparts.cat\/ca\/politica-de-privacidad\/\" \/>\n<meta property=\"og:locale\" content=\"ca_ES\" \/>\n<meta property=\"og:type\" content=\"article\" \/>\n<meta property=\"og:title\" content=\"Pol\u00edtica de Privacitat - Precission Parts Preparts\" \/>\n<meta property=\"og:description\" content=\"Informaci\u00f3 Legal CONDICIONS D&#8217;\u00daS En compliment de la Llei 34\/2002, d&#8217;11 de juliol, de Serveis de la Societat de la Informaci\u00f3 i de Comer\u00e7 Electr\u00f2nic (LSSI-CE), PRECISSION PARTS PREPARTS SL&hellip;\" \/>\n<meta property=\"og:url\" content=\"https:\/\/preparts.cat\/ca\/politica-de-privacidad\/\" \/>\n<meta property=\"og:site_name\" content=\"Precission Parts Preparts\" \/>\n<meta property=\"article:modified_time\" content=\"2026-03-19T15:41:32+00:00\" \/>\n<meta property=\"og:image\" content=\"https:\/\/preparts.cat\/wp-content\/uploads\/2020\/05\/Preparts-icon-s.png\" \/>\n\t<meta property=\"og:image:width\" content=\"100\" \/>\n\t<meta property=\"og:image:height\" content=\"100\" \/>\n\t<meta property=\"og:image:type\" content=\"image\/png\" \/>\n<meta name=\"twitter:card\" content=\"summary_large_image\" \/>\n<meta name=\"twitter:label1\" content=\"Temps estimat de lectura\" \/>\n\t<meta name=\"twitter:data1\" content=\"7 minuts\" \/>\n<script type=\"application\/ld+json\" class=\"yoast-schema-graph\">{\"@context\":\"https:\/\/schema.org\",\"@graph\":[{\"@type\":\"WebPage\",\"@id\":\"https:\/\/preparts.cat\/ca\/politica-de-privacidad\/\",\"url\":\"https:\/\/preparts.cat\/ca\/politica-de-privacidad\/\",\"name\":\"Pol\u00edtica de Privacitat - Precission Parts Preparts\",\"isPartOf\":{\"@id\":\"https:\/\/preparts.cat\/ca\/#website\"},\"datePublished\":\"2025-09-29T16:48:40+00:00\",\"dateModified\":\"2026-03-19T15:41:32+00:00\",\"breadcrumb\":{\"@id\":\"https:\/\/preparts.cat\/ca\/politica-de-privacidad\/#breadcrumb\"},\"inLanguage\":\"ca\",\"potentialAction\":[{\"@type\":\"ReadAction\",\"target\":[\"https:\/\/preparts.cat\/ca\/politica-de-privacidad\/\"]}]},{\"@type\":\"BreadcrumbList\",\"@id\":\"https:\/\/preparts.cat\/ca\/politica-de-privacidad\/#breadcrumb\",\"itemListElement\":[{\"@type\":\"ListItem\",\"position\":1,\"name\":\"Portada\",\"item\":\"https:\/\/preparts.cat\/ca\/\"},{\"@type\":\"ListItem\",\"position\":2,\"name\":\"Pol\u00edtica de Privacitat\"}]},{\"@type\":\"WebSite\",\"@id\":\"https:\/\/preparts.cat\/ca\/#website\",\"url\":\"https:\/\/preparts.cat\/ca\/\",\"name\":\"Precission Parts Preparts\",\"description\":\"Piezas de decoletaje, mecanizados y torniller\u00eda\",\"publisher\":{\"@id\":\"https:\/\/preparts.cat\/ca\/#organization\"},\"potentialAction\":[{\"@type\":\"SearchAction\",\"target\":{\"@type\":\"EntryPoint\",\"urlTemplate\":\"https:\/\/preparts.cat\/ca\/?s={search_term_string}\"},\"query-input\":{\"@type\":\"PropertyValueSpecification\",\"valueRequired\":true,\"valueName\":\"search_term_string\"}}],\"inLanguage\":\"ca\"},{\"@type\":\"Organization\",\"@id\":\"https:\/\/preparts.cat\/ca\/#organization\",\"name\":\"Precission Parts Preparts\",\"url\":\"https:\/\/preparts.cat\/ca\/\",\"logo\":{\"@type\":\"ImageObject\",\"inLanguage\":\"ca\",\"@id\":\"https:\/\/preparts.cat\/ca\/#\/schema\/logo\/image\/\",\"url\":\"https:\/\/preparts.cat\/wp-content\/uploads\/2020\/05\/Preparts-icon-s.png\",\"contentUrl\":\"https:\/\/preparts.cat\/wp-content\/uploads\/2020\/05\/Preparts-icon-s.png\",\"width\":100,\"height\":100,\"caption\":\"Precission Parts Preparts\"},\"image\":{\"@id\":\"https:\/\/preparts.cat\/ca\/#\/schema\/logo\/image\/\"}}]}<\/script>\n<!-- \/ Yoast SEO plugin. -->","yoast_head_json":{"title":"Pol\u00edtica de Privacitat - Precission Parts Preparts","robots":{"index":"index","follow":"follow","max-snippet":"max-snippet:-1","max-image-preview":"max-image-preview:large","max-video-preview":"max-video-preview:-1"},"canonical":"https:\/\/preparts.cat\/ca\/politica-de-privacidad\/","og_locale":"ca_ES","og_type":"article","og_title":"Pol\u00edtica de Privacitat - Precission Parts Preparts","og_description":"Informaci\u00f3 Legal CONDICIONS D&#8217;\u00daS En compliment de la Llei 34\/2002, d&#8217;11 de juliol, de Serveis de la Societat de la Informaci\u00f3 i de Comer\u00e7 Electr\u00f2nic (LSSI-CE), PRECISSION PARTS PREPARTS SL&hellip;","og_url":"https:\/\/preparts.cat\/ca\/politica-de-privacidad\/","og_site_name":"Precission Parts Preparts","article_modified_time":"2026-03-19T15:41:32+00:00","og_image":[{"width":100,"height":100,"url":"https:\/\/preparts.cat\/wp-content\/uploads\/2020\/05\/Preparts-icon-s.png","type":"image\/png"}],"twitter_card":"summary_large_image","twitter_misc":{"Temps estimat de lectura":"7 minuts"},"schema":{"@context":"https:\/\/schema.org","@graph":[{"@type":"WebPage","@id":"https:\/\/preparts.cat\/ca\/politica-de-privacidad\/","url":"https:\/\/preparts.cat\/ca\/politica-de-privacidad\/","name":"Pol\u00edtica de Privacitat - Precission Parts Preparts","isPartOf":{"@id":"https:\/\/preparts.cat\/ca\/#website"},"datePublished":"2025-09-29T16:48:40+00:00","dateModified":"2026-03-19T15:41:32+00:00","breadcrumb":{"@id":"https:\/\/preparts.cat\/ca\/politica-de-privacidad\/#breadcrumb"},"inLanguage":"ca","potentialAction":[{"@type":"ReadAction","target":["https:\/\/preparts.cat\/ca\/politica-de-privacidad\/"]}]},{"@type":"BreadcrumbList","@id":"https:\/\/preparts.cat\/ca\/politica-de-privacidad\/#breadcrumb","itemListElement":[{"@type":"ListItem","position":1,"name":"Portada","item":"https:\/\/preparts.cat\/ca\/"},{"@type":"ListItem","position":2,"name":"Pol\u00edtica de Privacitat"}]},{"@type":"WebSite","@id":"https:\/\/preparts.cat\/ca\/#website","url":"https:\/\/preparts.cat\/ca\/","name":"Precission Parts Preparts","description":"Piezas de decoletaje, mecanizados y torniller\u00eda","publisher":{"@id":"https:\/\/preparts.cat\/ca\/#organization"},"potentialAction":[{"@type":"SearchAction","target":{"@type":"EntryPoint","urlTemplate":"https:\/\/preparts.cat\/ca\/?s={search_term_string}"},"query-input":{"@type":"PropertyValueSpecification","valueRequired":true,"valueName":"search_term_string"}}],"inLanguage":"ca"},{"@type":"Organization","@id":"https:\/\/preparts.cat\/ca\/#organization","name":"Precission Parts Preparts","url":"https:\/\/preparts.cat\/ca\/","logo":{"@type":"ImageObject","inLanguage":"ca","@id":"https:\/\/preparts.cat\/ca\/#\/schema\/logo\/image\/","url":"https:\/\/preparts.cat\/wp-content\/uploads\/2020\/05\/Preparts-icon-s.png","contentUrl":"https:\/\/preparts.cat\/wp-content\/uploads\/2020\/05\/Preparts-icon-s.png","width":100,"height":100,"caption":"Precission Parts Preparts"},"image":{"@id":"https:\/\/preparts.cat\/ca\/#\/schema\/logo\/image\/"}}]}},"_links":{"self":[{"href":"https:\/\/preparts.cat\/ca\/wp-json\/wp\/v2\/pages\/17724","targetHints":{"allow":["GET"]}}],"collection":[{"href":"https:\/\/preparts.cat\/ca\/wp-json\/wp\/v2\/pages"}],"about":[{"href":"https:\/\/preparts.cat\/ca\/wp-json\/wp\/v2\/types\/page"}],"author":[{"embeddable":true,"href":"https:\/\/preparts.cat\/ca\/wp-json\/wp\/v2\/users\/2"}],"replies":[{"embeddable":true,"href":"https:\/\/preparts.cat\/ca\/wp-json\/wp\/v2\/comments?post=17724"}],"version-history":[{"count":3,"href":"https:\/\/preparts.cat\/ca\/wp-json\/wp\/v2\/pages\/17724\/revisions"}],"predecessor-version":[{"id":17727,"href":"https:\/\/preparts.cat\/ca\/wp-json\/wp\/v2\/pages\/17724\/revisions\/17727"}],"wp:attachment":[{"href":"https:\/\/preparts.cat\/ca\/wp-json\/wp\/v2\/media?parent=17724"}],"curies":[{"name":"wp","href":"https:\/\/api.w.org\/{rel}","templated":true}]}}