{"id":17728,"date":"2025-09-29T17:11:20","date_gmt":"2025-09-29T17:11:20","guid":{"rendered":"https:\/\/preparts.cat\/declaracion-de-accesibilidad\/"},"modified":"2026-03-19T15:49:15","modified_gmt":"2026-03-19T15:49:15","slug":"declaracion-de-accesibilidad","status":"publish","type":"page","link":"https:\/\/preparts.cat\/ca\/declaracion-de-accesibilidad\/","title":{"rendered":"Declaraci\u00f3 d&#8217;Accessibilitat"},"content":{"rendered":"\t\t<div data-elementor-type=\"wp-page\" data-elementor-id=\"17728\" class=\"elementor elementor-17728 elementor-17320\">\n\t\t\t\t\t\t<section class=\"elementor-section elementor-top-section elementor-element elementor-element-350291a elementor-section-boxed elementor-section-height-default elementor-section-height-default sc_fly_static\" data-id=\"350291a\" data-element_type=\"section\">\n\t\t\t\t\t\t<div class=\"elementor-container elementor-column-gap-extended\">\n\t\t\t\t\t<div class=\"elementor-column elementor-col-100 elementor-top-column elementor-element elementor-element-b8c1bc6 sc_content_align_inherit sc_layouts_column_icons_position_left sc_fly_static\" data-id=\"b8c1bc6\" data-element_type=\"column\">\n\t\t\t<div class=\"elementor-widget-wrap elementor-element-populated\">\n\t\t\t\t\t\t<div class=\"elementor-element elementor-element-4fc25bf sc_fly_static elementor-widget elementor-widget-text-editor\" data-id=\"4fc25bf\" data-element_type=\"widget\" data-widget_type=\"text-editor.default\">\n\t\t\t\t<div class=\"elementor-widget-container\">\n\t\t\t\t\t\t\t\t\t<p>PRECISSION PARTS PREPARTS SL es compromet a fer accessible el seu lloc web de conformitat amb el <a href=\"https:\/\/www.boe.es\/diario_boe\/txt.php?id=BOE-A-2018-12699\">Reial decret 1112\/2018<\/a>, sobre accessibilitat dels llocs webs i aplicacions per a dispositius m\u00f2bils del sector p\u00fablic.<\/p><p>La present declaraci\u00f3 d&#8217;accessibilitat s&#8217;aplica al lloc web <a href=\"https:\/\/preparts.cat\/\">preparts.cat<\/a>.<\/p><p><u>SITUACI\u00d3 DE COMPLIMENT<\/u><\/p><p>Aquest lloc web \u00e9s parcialment conforme amb l&#8217;RD <a href=\"https:\/\/www.boe.es\/diario_boe\/txt.php?id=BOE-A-2018-12699\"> 1112\/2018<\/a> a causa de la falta de conformitat dels aspectes que s&#8217;indiquen a continuaci\u00f3.<\/p><p><u>Falta de conformitat amb l&#8217;RD 1112\/2018<\/u><\/p><p>Es poden trobar imatges sense que acompanyi text explicatiu.<\/p><p>Es pot trobar encara anidamientos incorrectes d&#8217;etiquetes HTML.<\/p><p><u>C\u00e0rrega desproporcionada<\/u><\/p><p>No aplica.<\/p><p><u>El contingut no entra dins de l&#8217;\u00e0mbit de la legislaci\u00f3 aplicable.<\/u><\/p><p>Podrien existir arxius ofim\u00e0tics en PDF o altres formats publicats despr\u00e9s del 31 de juliol de 2023 que no compleixin \u00edntegrament tots els requisits d&#8217;accessibilitat. Encara que a la data de la declaraci\u00f3 no hi ha cap arxiu present en la web.<\/p><p><u>Preparaci\u00f3 per a la seg\u00fcent declaraci\u00f3 d&#8217;accessibilitat<\/u><\/p><p>La present declaraci\u00f3 va ser preparada el 29 de setembre de 2025.<\/p><p>El m\u00e8tode emprat per a preparar la declaraci\u00f3 ha estat una autoavaluaci\u00f3 duta a terme per l&#8217;equip d&#8217;accessibilitat.<\/p><p>\u00daltima revisi\u00f3 de la declaraci\u00f3:\u00a0<span style=\"font-family: Roboto, sans-serif; font-size: 17px; font-style: normal; font-weight: 400;\">29 de setembre de 2025<\/span>.<\/p><p><u>Observacions i dades de contacte<\/u><\/p><p>Pot realitzar comunicacions sobre requisits d&#8217;accessibilitat (article 10.2.a) del RD 1112\/2018) com per exemple:<\/p><p>Informar sobre qualsevol possible incompliment per part d&#8217;aquest lloc web.<\/p><p>Transmetre altres dificultats d&#8217;acc\u00e9s al contingut.<\/p><p>Formular qualsevol altra consulta o suggeriment de millora relativa a l&#8217;accessibilitat del lloc web.<\/p><p>A trav\u00e9s de la nostra b\u00fastia de suggeriments preparts@preparts.es<\/p><p>Les comunicacions seran rebudes i tractades per l&#8217;equip d&#8217;Accessibilitat.<\/p><p><u>Contingut opcional<\/u><\/p><p>Entre altres mesures s&#8217;adopta la implementaci\u00f3 del plugin <u>One Clic Accessibility<\/u>, amb seg\u00fcents utilitats per a facilitar l&#8217;accessibilitat:<\/p><p><u>Augmentar text:<\/u> Proporcionar una opci\u00f3 perqu\u00e8 els usuaris puguin augmentar la grand\u00e0ria del text perqu\u00e8 sigui m\u00e9s llegible.<\/p><p><u>Disminuir text:<\/u> Oferir la possibilitat de reduir la grand\u00e0ria del text per a aquells usuaris que prefereixin una grand\u00e0ria m\u00e9s petita.<\/p><p><u>Escala de grises:<\/u> Permetre que els usuaris canvi\u00efn el disseny de color del teu lloc web a una escala de grises, la qual cosa pot facilitar la lectura per a algunes persones amb discapacitats visuals.<\/p><p><u>Alt contrast:<\/u> Proporcionar una opci\u00f3 per a augmentar el contrast entre el text i el fons, la qual cosa millora la llegibilitat per a persones amb dificultats visuals.<\/p><p><u>Contrast negatiu:<\/u> Permetre que els usuaris canvi\u00efn els colors de fons i text a inversos, \u00e9s a dir, text clar sobre fons fosc, la qual cosa pot ser \u00fatil per a persones amb sensibilitat a la llum o visi\u00f3 redu\u00efda.<\/p><p><u>Fons clar:<\/u> Proporcionar una opci\u00f3 per a canviar el color de fons a un clar, la qual cosa pot ser preferible per a alguns usuaris amb dificultats visuals.<\/p><p><u>Subratllar enlla\u00e7os:<\/u> Subratllar els enlla\u00e7os perqu\u00e8 siguin m\u00e9s f\u00e0cilment distingibles del text normal, ajudant a usuaris amb discapacitats visuals o dificultats de percepci\u00f3.<\/p><p><u>Font llegible:<\/u> Utilitzar fonts clares i llegibles, preferiblement amb una grand\u00e0ria adequada, per a facilitar la lectura de tot el contingut.<\/p>\t\t\t\t\t\t\t\t<\/div>\n\t\t\t\t<\/div>\n\t\t\t\t\t<\/div>\n\t\t<\/div>\n\t\t\t\t\t<\/div>\n\t\t<\/section>\n\t\t\t\t<\/div>\n\t\t","protected":false},"excerpt":{"rendered":"<p>PRECISSION PARTS PREPARTS SL es compromet a fer accessible el seu lloc web de conformitat amb el Reial decret 1112\/2018, sobre accessibilitat dels llocs webs i aplicacions per a dispositius&hellip;<\/p>\n","protected":false},"author":2,"featured_media":0,"parent":0,"menu_order":0,"comment_status":"closed","ping_status":"closed","template":"","meta":{"footnotes":""},"class_list":["post-17728","page","type-page","status-publish","hentry"],"yoast_head":"<!-- This site is optimized with the Yoast SEO plugin v27.1.1 - https:\/\/yoast.com\/product\/yoast-seo-wordpress\/ -->\n<title>Declaraci\u00f3 d&#039;Accessibilitat - Precission Parts Preparts<\/title>\n<meta name=\"robots\" content=\"index, follow, max-snippet:-1, max-image-preview:large, max-video-preview:-1\" \/>\n<link rel=\"canonical\" href=\"https:\/\/preparts.cat\/ca\/declaracion-de-accesibilidad\/\" \/>\n<meta property=\"og:locale\" content=\"ca_ES\" \/>\n<meta property=\"og:type\" content=\"article\" \/>\n<meta property=\"og:title\" content=\"Declaraci\u00f3 d&#039;Accessibilitat - Precission Parts Preparts\" \/>\n<meta property=\"og:description\" content=\"PRECISSION PARTS PREPARTS SL es compromet a fer accessible el seu lloc web de conformitat amb el Reial decret 1112\/2018, sobre accessibilitat dels llocs webs i aplicacions per a dispositius&hellip;\" \/>\n<meta property=\"og:url\" content=\"https:\/\/preparts.cat\/ca\/declaracion-de-accesibilidad\/\" \/>\n<meta property=\"og:site_name\" content=\"Precission Parts Preparts\" \/>\n<meta property=\"article:modified_time\" content=\"2026-03-19T15:49:15+00:00\" \/>\n<meta property=\"og:image\" content=\"https:\/\/preparts.cat\/wp-content\/uploads\/2020\/05\/Preparts-icon-s.png\" \/>\n\t<meta property=\"og:image:width\" content=\"100\" \/>\n\t<meta property=\"og:image:height\" content=\"100\" \/>\n\t<meta property=\"og:image:type\" content=\"image\/png\" \/>\n<meta name=\"twitter:card\" content=\"summary_large_image\" \/>\n<meta name=\"twitter:label1\" content=\"Temps estimat de lectura\" \/>\n\t<meta name=\"twitter:data1\" content=\"3 minuts\" \/>\n<script type=\"application\/ld+json\" class=\"yoast-schema-graph\">{\"@context\":\"https:\/\/schema.org\",\"@graph\":[{\"@type\":\"WebPage\",\"@id\":\"https:\/\/preparts.cat\/ca\/declaracion-de-accesibilidad\/\",\"url\":\"https:\/\/preparts.cat\/ca\/declaracion-de-accesibilidad\/\",\"name\":\"Declaraci\u00f3 d'Accessibilitat - Precission Parts Preparts\",\"isPartOf\":{\"@id\":\"https:\/\/preparts.cat\/ca\/#website\"},\"datePublished\":\"2025-09-29T17:11:20+00:00\",\"dateModified\":\"2026-03-19T15:49:15+00:00\",\"breadcrumb\":{\"@id\":\"https:\/\/preparts.cat\/ca\/declaracion-de-accesibilidad\/#breadcrumb\"},\"inLanguage\":\"ca\",\"potentialAction\":[{\"@type\":\"ReadAction\",\"target\":[\"https:\/\/preparts.cat\/ca\/declaracion-de-accesibilidad\/\"]}]},{\"@type\":\"BreadcrumbList\",\"@id\":\"https:\/\/preparts.cat\/ca\/declaracion-de-accesibilidad\/#breadcrumb\",\"itemListElement\":[{\"@type\":\"ListItem\",\"position\":1,\"name\":\"Portada\",\"item\":\"https:\/\/preparts.cat\/ca\/\"},{\"@type\":\"ListItem\",\"position\":2,\"name\":\"Declaraci\u00f3 d&#8217;Accessibilitat\"}]},{\"@type\":\"WebSite\",\"@id\":\"https:\/\/preparts.cat\/ca\/#website\",\"url\":\"https:\/\/preparts.cat\/ca\/\",\"name\":\"Precission Parts Preparts\",\"description\":\"Piezas de decoletaje, mecanizados y torniller\u00eda\",\"publisher\":{\"@id\":\"https:\/\/preparts.cat\/ca\/#organization\"},\"potentialAction\":[{\"@type\":\"SearchAction\",\"target\":{\"@type\":\"EntryPoint\",\"urlTemplate\":\"https:\/\/preparts.cat\/ca\/?s={search_term_string}\"},\"query-input\":{\"@type\":\"PropertyValueSpecification\",\"valueRequired\":true,\"valueName\":\"search_term_string\"}}],\"inLanguage\":\"ca\"},{\"@type\":\"Organization\",\"@id\":\"https:\/\/preparts.cat\/ca\/#organization\",\"name\":\"Precission Parts Preparts\",\"url\":\"https:\/\/preparts.cat\/ca\/\",\"logo\":{\"@type\":\"ImageObject\",\"inLanguage\":\"ca\",\"@id\":\"https:\/\/preparts.cat\/ca\/#\/schema\/logo\/image\/\",\"url\":\"https:\/\/preparts.cat\/wp-content\/uploads\/2020\/05\/Preparts-icon-s.png\",\"contentUrl\":\"https:\/\/preparts.cat\/wp-content\/uploads\/2020\/05\/Preparts-icon-s.png\",\"width\":100,\"height\":100,\"caption\":\"Precission Parts Preparts\"},\"image\":{\"@id\":\"https:\/\/preparts.cat\/ca\/#\/schema\/logo\/image\/\"}}]}<\/script>\n<!-- \/ Yoast SEO plugin. -->","yoast_head_json":{"title":"Declaraci\u00f3 d'Accessibilitat - Precission Parts Preparts","robots":{"index":"index","follow":"follow","max-snippet":"max-snippet:-1","max-image-preview":"max-image-preview:large","max-video-preview":"max-video-preview:-1"},"canonical":"https:\/\/preparts.cat\/ca\/declaracion-de-accesibilidad\/","og_locale":"ca_ES","og_type":"article","og_title":"Declaraci\u00f3 d'Accessibilitat - Precission Parts Preparts","og_description":"PRECISSION PARTS PREPARTS SL es compromet a fer accessible el seu lloc web de conformitat amb el Reial decret 1112\/2018, sobre accessibilitat dels llocs webs i aplicacions per a dispositius&hellip;","og_url":"https:\/\/preparts.cat\/ca\/declaracion-de-accesibilidad\/","og_site_name":"Precission Parts Preparts","article_modified_time":"2026-03-19T15:49:15+00:00","og_image":[{"width":100,"height":100,"url":"https:\/\/preparts.cat\/wp-content\/uploads\/2020\/05\/Preparts-icon-s.png","type":"image\/png"}],"twitter_card":"summary_large_image","twitter_misc":{"Temps estimat de lectura":"3 minuts"},"schema":{"@context":"https:\/\/schema.org","@graph":[{"@type":"WebPage","@id":"https:\/\/preparts.cat\/ca\/declaracion-de-accesibilidad\/","url":"https:\/\/preparts.cat\/ca\/declaracion-de-accesibilidad\/","name":"Declaraci\u00f3 d'Accessibilitat - Precission Parts Preparts","isPartOf":{"@id":"https:\/\/preparts.cat\/ca\/#website"},"datePublished":"2025-09-29T17:11:20+00:00","dateModified":"2026-03-19T15:49:15+00:00","breadcrumb":{"@id":"https:\/\/preparts.cat\/ca\/declaracion-de-accesibilidad\/#breadcrumb"},"inLanguage":"ca","potentialAction":[{"@type":"ReadAction","target":["https:\/\/preparts.cat\/ca\/declaracion-de-accesibilidad\/"]}]},{"@type":"BreadcrumbList","@id":"https:\/\/preparts.cat\/ca\/declaracion-de-accesibilidad\/#breadcrumb","itemListElement":[{"@type":"ListItem","position":1,"name":"Portada","item":"https:\/\/preparts.cat\/ca\/"},{"@type":"ListItem","position":2,"name":"Declaraci\u00f3 d&#8217;Accessibilitat"}]},{"@type":"WebSite","@id":"https:\/\/preparts.cat\/ca\/#website","url":"https:\/\/preparts.cat\/ca\/","name":"Precission Parts Preparts","description":"Piezas de decoletaje, mecanizados y torniller\u00eda","publisher":{"@id":"https:\/\/preparts.cat\/ca\/#organization"},"potentialAction":[{"@type":"SearchAction","target":{"@type":"EntryPoint","urlTemplate":"https:\/\/preparts.cat\/ca\/?s={search_term_string}"},"query-input":{"@type":"PropertyValueSpecification","valueRequired":true,"valueName":"search_term_string"}}],"inLanguage":"ca"},{"@type":"Organization","@id":"https:\/\/preparts.cat\/ca\/#organization","name":"Precission Parts Preparts","url":"https:\/\/preparts.cat\/ca\/","logo":{"@type":"ImageObject","inLanguage":"ca","@id":"https:\/\/preparts.cat\/ca\/#\/schema\/logo\/image\/","url":"https:\/\/preparts.cat\/wp-content\/uploads\/2020\/05\/Preparts-icon-s.png","contentUrl":"https:\/\/preparts.cat\/wp-content\/uploads\/2020\/05\/Preparts-icon-s.png","width":100,"height":100,"caption":"Precission Parts Preparts"},"image":{"@id":"https:\/\/preparts.cat\/ca\/#\/schema\/logo\/image\/"}}]}},"_links":{"self":[{"href":"https:\/\/preparts.cat\/ca\/wp-json\/wp\/v2\/pages\/17728","targetHints":{"allow":["GET"]}}],"collection":[{"href":"https:\/\/preparts.cat\/ca\/wp-json\/wp\/v2\/pages"}],"about":[{"href":"https:\/\/preparts.cat\/ca\/wp-json\/wp\/v2\/types\/page"}],"author":[{"embeddable":true,"href":"https:\/\/preparts.cat\/ca\/wp-json\/wp\/v2\/users\/2"}],"replies":[{"embeddable":true,"href":"https:\/\/preparts.cat\/ca\/wp-json\/wp\/v2\/comments?post=17728"}],"version-history":[{"count":3,"href":"https:\/\/preparts.cat\/ca\/wp-json\/wp\/v2\/pages\/17728\/revisions"}],"predecessor-version":[{"id":17731,"href":"https:\/\/preparts.cat\/ca\/wp-json\/wp\/v2\/pages\/17728\/revisions\/17731"}],"wp:attachment":[{"href":"https:\/\/preparts.cat\/ca\/wp-json\/wp\/v2\/media?parent=17728"}],"curies":[{"name":"wp","href":"https:\/\/api.w.org\/{rel}","templated":true}]}}