{"id":17732,"date":"2025-09-29T17:20:18","date_gmt":"2025-09-29T17:20:18","guid":{"rendered":"https:\/\/preparts.cat\/politica-de-cookies\/"},"modified":"2026-03-19T15:53:17","modified_gmt":"2026-03-19T15:53:17","slug":"politica-de-cookies","status":"publish","type":"page","link":"https:\/\/preparts.cat\/ca\/politica-de-cookies\/","title":{"rendered":"Pol\u00edtica de cookies"},"content":{"rendered":"\t\t<div data-elementor-type=\"wp-page\" data-elementor-id=\"17732\" class=\"elementor elementor-17732 elementor-17325\">\n\t\t\t\t\t\t<section class=\"elementor-section elementor-top-section elementor-element elementor-element-48b783a elementor-section-boxed elementor-section-height-default elementor-section-height-default sc_fly_static\" data-id=\"48b783a\" data-element_type=\"section\">\n\t\t\t\t\t\t<div class=\"elementor-container elementor-column-gap-extended\">\n\t\t\t\t\t<div class=\"elementor-column elementor-col-100 elementor-top-column elementor-element elementor-element-6cb621e sc_content_align_inherit sc_layouts_column_icons_position_left sc_fly_static\" data-id=\"6cb621e\" data-element_type=\"column\">\n\t\t\t<div class=\"elementor-widget-wrap elementor-element-populated\">\n\t\t\t\t\t\t<div class=\"elementor-element elementor-element-a55abbe sc_fly_static elementor-widget elementor-widget-text-editor\" data-id=\"a55abbe\" data-element_type=\"widget\" data-widget_type=\"text-editor.default\">\n\t\t\t\t<div class=\"elementor-widget-container\">\n\t\t\t\t\t\t\t\t\t<p><u>POL\u00cdTICA DE COOKIES<\/u><\/p><p>Una Cookie \u00e9s un fitxer que es descarrega en el seu ordinador en accedir a determinades p\u00e0gines web. Les cookies permeten a una p\u00e0gina web, entre altres coses, emmagatzemar i recuperar informaci\u00f3 sobre els h\u00e0bits de navegaci\u00f3 d&#8217;un usuari o del seu equip i, depenent de la informaci\u00f3 que contingui i de la forma en qu\u00e8 utilitzi el seu equip, poden utilitzar-se per a recon\u00e8ixer a l&#8217;usuari.<\/p><p>Les cookies s\u00f3n essencials per al funcionament d&#8217;internet, aportant innombrables avantatges en la prestaci\u00f3 de serveis interactius, facilitant-li la navegaci\u00f3 i usabilitat de la nostra web.<\/p><p>La informaci\u00f3 que li proporcionem a continuaci\u00f3, l&#8217;ajudar\u00e0 a comprendre els diferents tipus de cookies:<\/p>\t\t\t\t\t\t\t\t<\/div>\n\t\t\t\t<\/div>\n\t\t\t\t\t<\/div>\n\t\t<\/div>\n\t\t\t\t\t<\/div>\n\t\t<\/section>\n\t\t\t\t<section class=\"elementor-section elementor-top-section elementor-element elementor-element-9f97427 elementor-section-boxed elementor-section-height-default elementor-section-height-default sc_fly_static\" data-id=\"9f97427\" data-element_type=\"section\">\n\t\t\t\t\t\t<div class=\"elementor-container elementor-column-gap-extended\">\n\t\t\t\t\t<div class=\"elementor-column elementor-col-100 elementor-top-column elementor-element elementor-element-3a99d26 sc_content_align_inherit sc_layouts_column_icons_position_left sc_fly_static\" data-id=\"3a99d26\" data-element_type=\"column\">\n\t\t\t<div class=\"elementor-widget-wrap elementor-element-populated\">\n\t\t\t\t\t\t<div class=\"elementor-element elementor-element-e8b0142 sc_fly_static elementor-widget elementor-widget-trx_sc_table\" data-id=\"e8b0142\" data-element_type=\"widget\" data-widget_type=\"trx_sc_table.default\">\n\t\t\t\t<div class=\"elementor-widget-container\">\n\t\t\t\t\t<div class=\"sc_table_wrap\"><div\t\tclass=\"sc_table sc_table_default trx_addons_inline_1378190035\" ><table id=\"order_table\" border=\"1\" width=\"0\" cellspacing=\"0\" cellpadding=\"0\" align=\"center\">\n <tbody>\n <tr>\n <td valign=\"top\" width=\"162\">\n <h3 align=\"left\"><\/h3>\n <\/td>\n <td colspan=\"2\" align=\"center\" width=\"435\">\n <h3 align=\"center\">\n <strong>TIPUS DE COOKIES<\/strong>\n <\/h3>\n <\/td>\n <\/tr>\n <tr>\n <td rowspan=\"2\" valign=\"middle\" width=\"162\">\n <h3>SEGONS L'ENTITAT QUE LES GESTIONI<\/h3>\n <\/td>\n <td align=\"center\" valign=\"middle\" width=\"180\">\n <h3 align=\"left\">Cookies pr\u00f2pies<\/h3>\n <\/td>\n <td width=\"255\">\n <h3>S\u00f3n aquelles que es recapten pel propi editor per a prestar el servei sol\u00b7licitat per l'usuari.<\/h3>\n <\/td>\n <\/tr>\n <tr>\n <td align=\"center\" valign=\"middle\" width=\"180\">\n <h3 align=\"left\">Cookies de tercer<\/h3>\n <\/td>\n <td width=\"255\">\n <h3>S\u00f3n aquelles que s\u00f3n recaptades i gestionades per un tercer, aquestes no es poden considerar pr\u00f2pies.<\/h3>\n <\/td>\n <\/tr>\n <tr>\n <td rowspan=\"2\" valign=\"middle\" width=\"162\">\n <h3 align=\"left\">\n SEGONS EL TERMINI DE<br\/>\n TEMPS QUE<br\/>\n ROMANGUIN<br\/>ACTIVADES\n <\/h3>\n <\/td>\n <td align=\"center\" valign=\"middle\" width=\"180\">\n <h3 align=\"left\">Cookies de sessi\u00f3<\/h3>\n <\/td>\n <td width=\"255\">\n <h3>Recapten dades mentre l'usuari navega per la xarxa amb la finalitat de prestar el servei sol\u00b7licitat.<\/h3>\n <\/td>\n <\/tr>\n <tr>\n <td align=\"center\" valign=\"middle\" width=\"180\">\n <h3 align=\"left\">Cookies persistents<\/h3>\n <\/td>\n <td width=\"255\">\n <h3>S'emmagatzemen en el terminal i la informaci\u00f3 obtinguda, ser\u00e0 utilitzada pel responsable de la cookie amb la finalitat de prestar el servei sol\u00b7licitat.<\/h3>\n <\/td>\n <\/tr>\n <tr>\n <td rowspan=\"5\" valign=\"middle\" width=\"162\">\n <h3 align=\"left\">SEGONS LA SEVA FINALITAT<\/h3>\n <h3 align=\"left\"><\/h3>\n <\/td>\n <td align=\"center\" valign=\"middle\" width=\"180\">\n <h3 align=\"left\">Cookies t\u00e8cniques<\/h3>\n <\/td>\n <td width=\"255\">\n <h3>S\u00f3n les necess\u00e0ries per a la correcta navegaci\u00f3 per la web.<\/h3>\n <\/td>\n <\/tr>\n <tr>\n <td align=\"center\" valign=\"middle\" width=\"180\">\n <h3 align=\"left\">Cookies de personalitzaci\u00f3<\/h3>\n <\/td>\n <td width=\"255\">\n <h3>Permeten a l'usuari les caracter\u00edstiques (idioma) per a la navegaci\u00f3 per la website<\/h3>\n <\/td>\n <\/tr>\n <tr>\n <td align=\"center\" valign=\"middle\" width=\"180\">\n <h3 align=\"left\">Cookies d'an\u00e0lisis<\/h3>\n <\/td>\n <td width=\"255\">\n <h3>Permeten al prestador l'an\u00e0lisi\u00a0  vinculada a la navegaci\u00f3 realitzada per l'usuari, amb la finalitat de portar un seguiment d'\u00fas de la p\u00e0gina web, aix\u00ed com realitzar estad\u00edstiques dels continguts\u00a0 m\u00e9s visitats, nombre de visitants, etc.<\/h3>\n <\/td>\n <\/tr>\n <tr>\n <td align=\"center\" valign=\"middle\" width=\"180\">\n <h3 align=\"left\">Cookies publicit\u00e0ries<\/h3>\n <\/td>\n <td width=\"255\">\n <h3>Permeten a l'editor incloure en la web, espais publicitaris, segons el contingut de la pr\u00f2pia web.<\/h3>\n <\/td>\n <\/tr>\n <tr>\n <td align=\"center\" valign=\"middle\" width=\"180\">\n <h3 align=\"left\">Cookies de publicitat comportamental<\/h3>\n <\/td>\n <td width=\"255\">\n <h3>Permeten a l'editor incloure en la p\u00e0gina web espais publicitaris segons la informaci\u00f3 obtinguda a trav\u00e9s dels h\u00e0bits de navegaci\u00f3 de l'usuari.<\/h3>\n <\/td>\n <\/tr>\n <\/tbody>\n<\/table><\/div><\/div>\t\t\t\t<\/div>\n\t\t\t\t<\/div>\n\t\t\t\t<div class=\"elementor-element elementor-element-1b1e1ff sc_fly_static elementor-widget elementor-widget-text-editor\" data-id=\"1b1e1ff\" data-element_type=\"widget\" data-widget_type=\"text-editor.default\">\n\t\t\t\t<div class=\"elementor-widget-container\">\n\t\t\t\t\t\t\t\t\t<p>Segons el que es disposa en l&#8217;article 22.2 de la Llei 34\/2002, d&#8217;11 de juliol, de Serveis de la Societat de la Informaci\u00f3 i de Comer\u00e7 Electr\u00f2nic (LSSI-CE), PRECISSION PARTS PREPARTS SL informa de les cookies utilitzades en nostra website:<\/p>\t\t\t\t\t\t\t\t<\/div>\n\t\t\t\t<\/div>\n\t\t\t\t<div class=\"elementor-element elementor-element-053797d sc_fly_static elementor-widget elementor-widget-trx_sc_table\" data-id=\"053797d\" data-element_type=\"widget\" data-widget_type=\"trx_sc_table.default\">\n\t\t\t\t<div class=\"elementor-widget-container\">\n\t\t\t\t\t<div class=\"sc_table_wrap\"><div\t\tclass=\"sc_table sc_table_default trx_addons_inline_1795912689\" ><table border=\"1\" width=\"0\" cellspacing=\"0\" cellpadding=\"0\" align=\"center\">\n <tbody>\n <tr>\n <td rowspan=\"2\" align=\"center\" valign=\"middle\" width=\"190\">\n <h3 align=\"left\"><\/h3>\n <\/td>\n <td colspan=\"4\" valign=\"top\">\n <h3 align=\"center\">\n <strong>TIPUS DE COOKIES<\/strong>\n <\/h3>\n <\/td>\n <\/tr>\n <tr>\n <td width=\"103\">\n <h3 align=\"center\">Cookies pr\u00f2pies<\/h3>\n <\/td>\n <td width=\"226\">\n <h3 align=\"center\">Cookies de tercer<\/h3>\n <\/td>\n <td width=\"104\">\n <h3 align=\"center\">Cookies de sessi\u00f3<\/h3>\n <\/td>\n <td width=\"122\">\n <h3 align=\"center\">Cookies persistents<\/h3>\n <\/td>\n <\/tr>\n <tr>\n <td align=\"center\" valign=\"middle\" width=\"190\">\n <h3 align=\"left\">Cookies t\u00e8cniques<\/h3>\n <\/td>\n <td align=\"center\" valign=\"middle\" width=\"103\">\n <h3 align=\"center\">\n <img decoding=\"async\" src=\"https:\/\/preparts.es\/Cookies_clip_image002.gif\" width=\"14\" height=\"14\"\/>\n <\/h3>\n <\/td>\n <td align=\"center\" valign=\"middle\" width=\"226\">\n <h3 align=\"center\">\n <img decoding=\"async\" src=\"https:\/\/preparts.es\/Cookies_clip_image002.gif\" width=\"14\" height=\"14\"\/>\n <\/h3>\n <\/td>\n <td align=\"center\" valign=\"middle\" width=\"104\">\n <h3 align=\"center\">\n <img decoding=\"async\" src=\"https:\/\/preparts.es\/Cookies_clip_image002.gif\" width=\"14\" height=\"14\"\/>\n <\/h3>\n <\/td>\n <td align=\"center\" valign=\"middle\" width=\"122\">\n <h3 align=\"center\">\n <img decoding=\"async\" src=\"https:\/\/preparts.es\/Cookies_clip_image002.gif\" width=\"14\" height=\"14\"\/>\n <\/h3>\n <\/td>\n <\/tr>\n <tr>\n <td align=\"center\" valign=\"middle\" width=\"190\">\n <h3 align=\"left\">Cookies de personalitzaci\u00f3<\/h3>\n <\/td>\n <td align=\"center\" valign=\"middle\" width=\"103\">\n <h3 align=\"center\">\n <img decoding=\"async\" src=\"https:\/\/preparts.es\/Cookies_clip_image002.gif\" width=\"14\" height=\"14\"\/>\n <\/h3>\n <\/td>\n <td align=\"center\" valign=\"middle\" width=\"226\">\n <h3 align=\"center\">\n <img decoding=\"async\" src=\"https:\/\/preparts.es\/Cookies_clip_image002.gif\" width=\"14\" height=\"14\"\/>\n <\/h3>\n <\/td>\n <td align=\"center\" valign=\"middle\" width=\"104\">\n <h3 align=\"center\">\n <img decoding=\"async\" src=\"https:\/\/preparts.es\/Cookies_clip_image002.gif\" width=\"14\" height=\"14\"\/>\n <\/h3>\n <\/td>\n <td align=\"center\" valign=\"middle\" width=\"122\">\n <h3 align=\"center\">\n <img decoding=\"async\" src=\"https:\/\/preparts.es\/Cookies_clip_image002.gif\" width=\"14\" height=\"14\"\/>\n <\/h3>\n <\/td>\n <\/tr>\n <tr>\n <td align=\"center\" valign=\"middle\" width=\"190\">\n <h3 align=\"left\">Cookies d'an\u00e0lisis<\/h3>\n <\/td>\n <td align=\"center\" valign=\"middle\" width=\"103\">\n <h3 align=\"center\">\n <img decoding=\"async\" src=\"https:\/\/preparts.es\/Cookies_clip_image002.gif\" width=\"14\" height=\"14\"\/>\n <\/h3>\n <\/td>\n <td align=\"center\" valign=\"middle\" width=\"226\">\n <h3 align=\"center\">\n <img decoding=\"async\" src=\"https:\/\/preparts.es\/Cookies_clip_image002.gif\" width=\"14\" height=\"14\"\/>\n <\/h3>\n <\/td>\n <td align=\"center\" valign=\"middle\" width=\"104\">\n <h3 align=\"center\">\n <img decoding=\"async\" src=\"https:\/\/preparts.es\/cookies_clip_image002.gif\" width=\"14\" height=\"14\"\/>\n <\/h3>\n <\/td>\n <td align=\"center\" valign=\"middle\" width=\"122\">\n <h3 align=\"center\">\n <img decoding=\"async\" src=\"https:\/\/preparts.es\/Cookies_clip_image002.gif\" width=\"14\" height=\"14\"\/>\n <\/h3>\n <\/td>\n <\/tr>\n <\/tbody>\n<\/table><\/div><\/div>\t\t\t\t<\/div>\n\t\t\t\t<\/div>\n\t\t\t\t<div class=\"elementor-element elementor-element-de059ea sc_fly_static elementor-widget elementor-widget-text-editor\" data-id=\"de059ea\" data-element_type=\"widget\" data-widget_type=\"text-editor.default\">\n\t\t\t\t<div class=\"elementor-widget-container\">\n\t\t\t\t\t\t\t\t\t<p>Aix\u00ed mateix, PRECISSION PARTS PREPARTS SL informa l&#8217;usuari que t\u00e9 la possibilitat de configurar el seu navegador de manera que se l&#8217;informi de la recepci\u00f3 de cookies, podent, si aix\u00ed ho desitja, impedir que siguin instal\u00b7lades en el seu disc dur.<br \/>A continuaci\u00f3 li proporcionem els enlla\u00e7os de diversos navegadors, a trav\u00e9s dels quals podr\u00e0 realitzar aquesta configuraci\u00f3:<\/p>\t\t\t\t\t\t\t\t<\/div>\n\t\t\t\t<\/div>\n\t\t\t\t<div class=\"elementor-element elementor-element-fec5c01 sc_fly_static elementor-widget elementor-widget-text-editor\" data-id=\"fec5c01\" data-element_type=\"widget\" data-widget_type=\"text-editor.default\">\n\t\t\t\t<div class=\"elementor-widget-container\">\n\t\t\t\t\t\t\t\t\t<ul>\n \t<li>Firefox des d&#8217;aqu\u00ed: <a href=\"http:\/\/support.mozilla.org\/es\/kb\/habilitar\u2013y\u2013deshabilitar\u2013cookies\u2013que\u2013lossitios\u2013we\">http:\/\/support.mozilla.org\/es\/kb\/habilitar\u2013i\u2013deshabilitar\u2013cookies\u2013que\u2013lossitios\u2013we<\/a><\/li>\n \t<li>Chrome des d&#8217;aqu\u00ed: <a href=\"http:\/\/support.google.com\/chrome\/bin\/answer.py?hl=es&amp;answer=95647\">http:\/\/support.google.com\/chrome\/bin\/answer.py?hl=es&amp;answer=95647<\/a><\/li>\n \t<li>Explorer des d&#8217;aqu\u00ed: <a href=\"http:\/\/windows.microsoft.com\/es\u2013es\/internet\u2013explorer\/delete\u2013managecookies#ie=ie\u201310\">http:\/\/windows.microsoft.com\/es\u2013\/\u00e9s\/internet\u2013explorer\/delete\u2013managecookies#ie=ie\u201310<\/a><\/li>\n \t<li>Safari des d&#8217;aqu\u00ed: <a href=\"https:\/\/support.apple.com\/kb\/ph17191?locale=es_ES\">https:\/\/support.apple.com\/kb\/ph17191?locale=es_es<\/a><\/li>\n \t<li>Opera des d&#8217;aqu\u00ed: <a href=\"http:\/\/help.opera.com\/Windows\/11.50\/es\u2013ES\/cookies.html\">http:\/\/help.opera.com\/windows\/11.50\/es\u2013\/\u00c9S\/cookies.HTML<\/a><\/li>\n<\/ul>\t\t\t\t\t\t\t\t<\/div>\n\t\t\t\t<\/div>\n\t\t\t\t\t<\/div>\n\t\t<\/div>\n\t\t\t\t\t<\/div>\n\t\t<\/section>\n\t\t\t\t<\/div>\n\t\t","protected":false},"excerpt":{"rendered":"<p>POL\u00cdTICA DE COOKIES Una Cookie \u00e9s un fitxer que es descarrega en el seu ordinador en accedir a determinades p\u00e0gines web. Les cookies permeten a una p\u00e0gina web, entre altres&hellip;<\/p>\n","protected":false},"author":2,"featured_media":0,"parent":0,"menu_order":0,"comment_status":"closed","ping_status":"closed","template":"","meta":{"footnotes":""},"class_list":["post-17732","page","type-page","status-publish","hentry"],"yoast_head":"<!-- This site is optimized with the Yoast SEO plugin v27.1.1 - https:\/\/yoast.com\/product\/yoast-seo-wordpress\/ -->\n<title>Pol\u00edtica de cookies - Precission Parts Preparts<\/title>\n<meta name=\"robots\" content=\"index, follow, max-snippet:-1, max-image-preview:large, max-video-preview:-1\" \/>\n<link rel=\"canonical\" href=\"https:\/\/preparts.cat\/ca\/politica-de-cookies\/\" \/>\n<meta property=\"og:locale\" content=\"ca_ES\" \/>\n<meta property=\"og:type\" content=\"article\" \/>\n<meta property=\"og:title\" content=\"Pol\u00edtica de cookies - Precission Parts Preparts\" \/>\n<meta property=\"og:description\" content=\"POL\u00cdTICA DE COOKIES Una Cookie \u00e9s un fitxer que es descarrega en el seu ordinador en accedir a determinades p\u00e0gines web. Les cookies permeten a una p\u00e0gina web, entre altres&hellip;\" \/>\n<meta property=\"og:url\" content=\"https:\/\/preparts.cat\/ca\/politica-de-cookies\/\" \/>\n<meta property=\"og:site_name\" content=\"Precission Parts Preparts\" \/>\n<meta property=\"article:modified_time\" content=\"2026-03-19T15:53:17+00:00\" \/>\n<meta property=\"og:image\" content=\"https:\/\/preparts.es\/Cookies_clip_image002.gif\" \/>\n<meta name=\"twitter:card\" content=\"summary_large_image\" \/>\n<meta name=\"twitter:label1\" content=\"Temps estimat de lectura\" \/>\n\t<meta name=\"twitter:data1\" content=\"5 minuts\" \/>\n<script type=\"application\/ld+json\" class=\"yoast-schema-graph\">{\"@context\":\"https:\/\/schema.org\",\"@graph\":[{\"@type\":\"WebPage\",\"@id\":\"https:\/\/preparts.cat\/ca\/politica-de-cookies\/\",\"url\":\"https:\/\/preparts.cat\/ca\/politica-de-cookies\/\",\"name\":\"Pol\u00edtica de cookies - Precission Parts Preparts\",\"isPartOf\":{\"@id\":\"https:\/\/preparts.cat\/ca\/#website\"},\"primaryImageOfPage\":{\"@id\":\"https:\/\/preparts.cat\/ca\/politica-de-cookies\/#primaryimage\"},\"image\":{\"@id\":\"https:\/\/preparts.cat\/ca\/politica-de-cookies\/#primaryimage\"},\"thumbnailUrl\":\"https:\/\/preparts.es\/Cookies_clip_image002.gif\",\"datePublished\":\"2025-09-29T17:20:18+00:00\",\"dateModified\":\"2026-03-19T15:53:17+00:00\",\"breadcrumb\":{\"@id\":\"https:\/\/preparts.cat\/ca\/politica-de-cookies\/#breadcrumb\"},\"inLanguage\":\"ca\",\"potentialAction\":[{\"@type\":\"ReadAction\",\"target\":[\"https:\/\/preparts.cat\/ca\/politica-de-cookies\/\"]}]},{\"@type\":\"ImageObject\",\"inLanguage\":\"ca\",\"@id\":\"https:\/\/preparts.cat\/ca\/politica-de-cookies\/#primaryimage\",\"url\":\"https:\/\/preparts.es\/Cookies_clip_image002.gif\",\"contentUrl\":\"https:\/\/preparts.es\/Cookies_clip_image002.gif\"},{\"@type\":\"BreadcrumbList\",\"@id\":\"https:\/\/preparts.cat\/ca\/politica-de-cookies\/#breadcrumb\",\"itemListElement\":[{\"@type\":\"ListItem\",\"position\":1,\"name\":\"Portada\",\"item\":\"https:\/\/preparts.cat\/ca\/\"},{\"@type\":\"ListItem\",\"position\":2,\"name\":\"Pol\u00edtica de cookies\"}]},{\"@type\":\"WebSite\",\"@id\":\"https:\/\/preparts.cat\/ca\/#website\",\"url\":\"https:\/\/preparts.cat\/ca\/\",\"name\":\"Precission Parts Preparts\",\"description\":\"Piezas de decoletaje, mecanizados y torniller\u00eda\",\"publisher\":{\"@id\":\"https:\/\/preparts.cat\/ca\/#organization\"},\"potentialAction\":[{\"@type\":\"SearchAction\",\"target\":{\"@type\":\"EntryPoint\",\"urlTemplate\":\"https:\/\/preparts.cat\/ca\/?s={search_term_string}\"},\"query-input\":{\"@type\":\"PropertyValueSpecification\",\"valueRequired\":true,\"valueName\":\"search_term_string\"}}],\"inLanguage\":\"ca\"},{\"@type\":\"Organization\",\"@id\":\"https:\/\/preparts.cat\/ca\/#organization\",\"name\":\"Precission Parts Preparts\",\"url\":\"https:\/\/preparts.cat\/ca\/\",\"logo\":{\"@type\":\"ImageObject\",\"inLanguage\":\"ca\",\"@id\":\"https:\/\/preparts.cat\/ca\/#\/schema\/logo\/image\/\",\"url\":\"https:\/\/preparts.cat\/wp-content\/uploads\/2020\/05\/Preparts-icon-s.png\",\"contentUrl\":\"https:\/\/preparts.cat\/wp-content\/uploads\/2020\/05\/Preparts-icon-s.png\",\"width\":100,\"height\":100,\"caption\":\"Precission Parts Preparts\"},\"image\":{\"@id\":\"https:\/\/preparts.cat\/ca\/#\/schema\/logo\/image\/\"}}]}<\/script>\n<!-- \/ Yoast SEO plugin. -->","yoast_head_json":{"title":"Pol\u00edtica de cookies - Precission Parts Preparts","robots":{"index":"index","follow":"follow","max-snippet":"max-snippet:-1","max-image-preview":"max-image-preview:large","max-video-preview":"max-video-preview:-1"},"canonical":"https:\/\/preparts.cat\/ca\/politica-de-cookies\/","og_locale":"ca_ES","og_type":"article","og_title":"Pol\u00edtica de cookies - Precission Parts Preparts","og_description":"POL\u00cdTICA DE COOKIES Una Cookie \u00e9s un fitxer que es descarrega en el seu ordinador en accedir a determinades p\u00e0gines web. Les cookies permeten a una p\u00e0gina web, entre altres&hellip;","og_url":"https:\/\/preparts.cat\/ca\/politica-de-cookies\/","og_site_name":"Precission Parts Preparts","article_modified_time":"2026-03-19T15:53:17+00:00","og_image":[{"url":"https:\/\/preparts.es\/Cookies_clip_image002.gif","type":"","width":"","height":""}],"twitter_card":"summary_large_image","twitter_misc":{"Temps estimat de lectura":"5 minuts"},"schema":{"@context":"https:\/\/schema.org","@graph":[{"@type":"WebPage","@id":"https:\/\/preparts.cat\/ca\/politica-de-cookies\/","url":"https:\/\/preparts.cat\/ca\/politica-de-cookies\/","name":"Pol\u00edtica de cookies - Precission Parts Preparts","isPartOf":{"@id":"https:\/\/preparts.cat\/ca\/#website"},"primaryImageOfPage":{"@id":"https:\/\/preparts.cat\/ca\/politica-de-cookies\/#primaryimage"},"image":{"@id":"https:\/\/preparts.cat\/ca\/politica-de-cookies\/#primaryimage"},"thumbnailUrl":"https:\/\/preparts.es\/Cookies_clip_image002.gif","datePublished":"2025-09-29T17:20:18+00:00","dateModified":"2026-03-19T15:53:17+00:00","breadcrumb":{"@id":"https:\/\/preparts.cat\/ca\/politica-de-cookies\/#breadcrumb"},"inLanguage":"ca","potentialAction":[{"@type":"ReadAction","target":["https:\/\/preparts.cat\/ca\/politica-de-cookies\/"]}]},{"@type":"ImageObject","inLanguage":"ca","@id":"https:\/\/preparts.cat\/ca\/politica-de-cookies\/#primaryimage","url":"https:\/\/preparts.es\/Cookies_clip_image002.gif","contentUrl":"https:\/\/preparts.es\/Cookies_clip_image002.gif"},{"@type":"BreadcrumbList","@id":"https:\/\/preparts.cat\/ca\/politica-de-cookies\/#breadcrumb","itemListElement":[{"@type":"ListItem","position":1,"name":"Portada","item":"https:\/\/preparts.cat\/ca\/"},{"@type":"ListItem","position":2,"name":"Pol\u00edtica de cookies"}]},{"@type":"WebSite","@id":"https:\/\/preparts.cat\/ca\/#website","url":"https:\/\/preparts.cat\/ca\/","name":"Precission Parts Preparts","description":"Piezas de decoletaje, mecanizados y torniller\u00eda","publisher":{"@id":"https:\/\/preparts.cat\/ca\/#organization"},"potentialAction":[{"@type":"SearchAction","target":{"@type":"EntryPoint","urlTemplate":"https:\/\/preparts.cat\/ca\/?s={search_term_string}"},"query-input":{"@type":"PropertyValueSpecification","valueRequired":true,"valueName":"search_term_string"}}],"inLanguage":"ca"},{"@type":"Organization","@id":"https:\/\/preparts.cat\/ca\/#organization","name":"Precission Parts Preparts","url":"https:\/\/preparts.cat\/ca\/","logo":{"@type":"ImageObject","inLanguage":"ca","@id":"https:\/\/preparts.cat\/ca\/#\/schema\/logo\/image\/","url":"https:\/\/preparts.cat\/wp-content\/uploads\/2020\/05\/Preparts-icon-s.png","contentUrl":"https:\/\/preparts.cat\/wp-content\/uploads\/2020\/05\/Preparts-icon-s.png","width":100,"height":100,"caption":"Precission Parts Preparts"},"image":{"@id":"https:\/\/preparts.cat\/ca\/#\/schema\/logo\/image\/"}}]}},"_links":{"self":[{"href":"https:\/\/preparts.cat\/ca\/wp-json\/wp\/v2\/pages\/17732","targetHints":{"allow":["GET"]}}],"collection":[{"href":"https:\/\/preparts.cat\/ca\/wp-json\/wp\/v2\/pages"}],"about":[{"href":"https:\/\/preparts.cat\/ca\/wp-json\/wp\/v2\/types\/page"}],"author":[{"embeddable":true,"href":"https:\/\/preparts.cat\/ca\/wp-json\/wp\/v2\/users\/2"}],"replies":[{"embeddable":true,"href":"https:\/\/preparts.cat\/ca\/wp-json\/wp\/v2\/comments?post=17732"}],"version-history":[{"count":3,"href":"https:\/\/preparts.cat\/ca\/wp-json\/wp\/v2\/pages\/17732\/revisions"}],"predecessor-version":[{"id":17735,"href":"https:\/\/preparts.cat\/ca\/wp-json\/wp\/v2\/pages\/17732\/revisions\/17735"}],"wp:attachment":[{"href":"https:\/\/preparts.cat\/ca\/wp-json\/wp\/v2\/media?parent=17732"}],"curies":[{"name":"wp","href":"https:\/\/api.w.org\/{rel}","templated":true}]}}