{"id":17736,"date":"2025-11-26T15:19:49","date_gmt":"2025-11-26T15:19:49","guid":{"rendered":"https:\/\/preparts.cat\/politica-de-etica\/"},"modified":"2026-03-19T15:57:51","modified_gmt":"2026-03-19T15:57:51","slug":"politica-de-etica","status":"publish","type":"page","link":"https:\/\/preparts.cat\/ca\/politica-de-etica\/","title":{"rendered":"Pol\u00edtica d&#8217;\u00c8tica"},"content":{"rendered":"\t\t<div data-elementor-type=\"wp-page\" data-elementor-id=\"17736\" class=\"elementor elementor-17736 elementor-17449\">\n\t\t\t\t\t\t<section class=\"elementor-section elementor-top-section elementor-element elementor-element-30f09bc elementor-section-boxed elementor-section-height-default elementor-section-height-default sc_fly_static\" data-id=\"30f09bc\" data-element_type=\"section\">\n\t\t\t\t\t\t<div class=\"elementor-container elementor-column-gap-extended\">\n\t\t\t\t\t<div class=\"elementor-column elementor-col-100 elementor-top-column elementor-element elementor-element-0a74688 sc_content_align_inherit sc_layouts_column_icons_position_left sc_fly_static\" data-id=\"0a74688\" data-element_type=\"column\">\n\t\t\t<div class=\"elementor-widget-wrap elementor-element-populated\">\n\t\t\t\t\t\t<div class=\"elementor-element elementor-element-d6cf9b7 sc_fly_static elementor-widget elementor-widget-text-editor\" data-id=\"d6cf9b7\" data-element_type=\"widget\" data-widget_type=\"text-editor.default\">\n\t\t\t\t<div class=\"elementor-widget-container\">\n\t\t\t\t\t\t\t\t\t<div class=\"group flex max-w-[min(768px,100%)] flex-col gap-1 self-end\"><div class=\"flex flex-col gap-4\"><div class=\"flex min-w-0 flex-1 items-center justify-end gap-2\"><div class=\"bg-surface-primary relative flex w-full min-w-0 flex-1 flex-col overflow-hidden transition-all duration-300 gap-2 border-border-faint lg:max-w-[768px]\"><div class=\"no-scrollbar relative flex w-full flex-1 flex-col overflow-x-auto transition-[max-height] duration-300\"><div class=\"min-w-0\"><div class=\"prose prose-sm prose-pre:bg-transparent prose-pre:p-0 text-wrap break-words\"><p><span style=\"text-decoration: underline;\"><strong>POL\u00cdTICA D&#8217;\u00c8TICA, CONDUCTA I SOSTENIBILITAT<\/strong><\/span><\/p><p>La conducta \u00e8tica com a garantia de la nostra sostenibilitat \u00e9s un valor fonamental en el desenvolupament del nostre treball, \u00e9s un factor generador de confian\u00e7a que representa un aut\u00e8ntic segell de distinci\u00f3 que els nostres clients i altres parts interessades.<\/p><p>El comportament \u00e8tic s&#8217;assenteixi sobre els principis i compromisos reflectits en la nostra pol\u00edtica de qualitat i medi ambient. Per aix\u00f2, con\u00e8ixer-los, ha de ser una prioritat per a tots, com ho \u00e9s per a Preparts, vetllar pel seu compliment.<\/p><p>L&#8217;alta direcci\u00f3 de Preparts, fomenta que continuem treballant d&#8217;acord amb aquestes pautes de comportament \u00e8tic, fent especial \u00e8mfasi:<\/p><ul><li>No permetre les accions, com l&#8217;assetjament per la ra\u00f3 que sigui (sexual, social, laboral o per ra\u00f3 de g\u00e8nere).<\/li><li>Evitar inc\u00f3rrer en conductes verbals o no verbals, a trav\u00e9s d&#8217;accions o omissions, que puguin resultar contr\u00e0ries a la igualtat de g\u00e8nere, ra\u00e7a i creences, a la lliure orientaci\u00f3 sexual, a la plena integraci\u00f3 i inclusi\u00f3 de la discapacitat.<\/li><li>Ser acurats amb els deures de confidencialitat, \u00fas d&#8217;informaci\u00f3 privilegiada.<\/li><li>No permetre conflictes d&#8217;interessos. Un conflicte d&#8217;inter\u00e8s \u00e9s un risc de corrupci\u00f3 que podria convertir-se en un acte de corrupci\u00f3.<\/li><li>No acceptarem cap regal, invitaci\u00f3, viatges, menjars o compensaci\u00f3 econ\u00f2mica.<\/li><li>Difondre, protegir i promoure entre els clients i les parts interessades el dret fonamental a la privacitat.<\/li><li>Evitar que s&#8217;incorri de forma no justificada en una actuaci\u00f3 que generi o tracti de favor a tercers.<\/li><li>Oferir garanties d&#8217;igualtat de tracte i no discriminaci\u00f3.<\/li><li>Evitar la captaci\u00f3 de les decisions i les actuacions per part de grups d&#8217;inter\u00e8s.<\/li><li>Rebutjar qualsevol forma de corrupci\u00f3 o suborn.<\/li><li>Complir i observar les normes de seguretat i salut.<\/li><li>Promoure relacions de treball basades en la confian\u00e7a m\u00fatua i el respecte a un entorn de treball positiu donar suport a la inclusi\u00f3 i assegurar la igualtat de tracte i d&#8217;oportunitats d&#8217;homes i dones.<\/li><li>Rebutjar qualsevol forma de discriminaci\u00f3 per raons de naixement, origen racial o \u00e8tnic, g\u00e8nere, orientaci\u00f3 sexual, religi\u00f3 o conviccions, opini\u00f3, ideologia, diversitat funcional, edat o qualsevol altra condici\u00f3 o circumst\u00e0ncia personal o social.<\/li><li>Impulsar el desenvolupament professional dels seus empleats, promovent al mateix temps la formaci\u00f3 cont\u00ednua.<\/li><li>No permetre el treball infantil.<\/li><li>Contribuir al respecte i la preservaci\u00f3 del medi ambient.<\/li><li>Aix\u00ed com, tots els punts expressats en la pol\u00edtica qualitat i medi ambient de preparts.<\/li><\/ul><p>Admetem que aquests s\u00f3n els valors compartits dins de les organitzacions de PREPARTS S.L.<\/p><\/div><\/div><\/div><\/div><\/div><\/div><\/div>\t\t\t\t\t\t\t\t<\/div>\n\t\t\t\t<\/div>\n\t\t\t\t\t<\/div>\n\t\t<\/div>\n\t\t\t\t\t<\/div>\n\t\t<\/section>\n\t\t\t\t<\/div>\n\t\t","protected":false},"excerpt":{"rendered":"<p>POL\u00cdTICA D&#8217;\u00c8TICA, CONDUCTA I SOSTENIBILITAT La conducta \u00e8tica com a garantia de la nostra sostenibilitat \u00e9s un valor fonamental en el desenvolupament del nostre treball, \u00e9s un factor generador de&hellip;<\/p>\n","protected":false},"author":2,"featured_media":0,"parent":0,"menu_order":0,"comment_status":"closed","ping_status":"closed","template":"","meta":{"footnotes":""},"class_list":["post-17736","page","type-page","status-publish","hentry"],"yoast_head":"<!-- This site is optimized with the Yoast SEO plugin v27.1.1 - https:\/\/yoast.com\/product\/yoast-seo-wordpress\/ -->\n<title>Pol\u00edtica d&#039;\u00c8tica - Precission Parts Preparts<\/title>\n<meta name=\"robots\" content=\"index, follow, max-snippet:-1, max-image-preview:large, max-video-preview:-1\" \/>\n<link rel=\"canonical\" href=\"https:\/\/preparts.cat\/ca\/politica-de-etica\/\" \/>\n<meta property=\"og:locale\" content=\"ca_ES\" \/>\n<meta property=\"og:type\" content=\"article\" \/>\n<meta property=\"og:title\" content=\"Pol\u00edtica d&#039;\u00c8tica - Precission Parts Preparts\" \/>\n<meta property=\"og:description\" content=\"POL\u00cdTICA D&#8217;\u00c8TICA, CONDUCTA I SOSTENIBILITAT La conducta \u00e8tica com a garantia de la nostra sostenibilitat \u00e9s un valor fonamental en el desenvolupament del nostre treball, \u00e9s un factor generador de&hellip;\" \/>\n<meta property=\"og:url\" content=\"https:\/\/preparts.cat\/ca\/politica-de-etica\/\" \/>\n<meta property=\"og:site_name\" content=\"Precission Parts Preparts\" \/>\n<meta property=\"article:modified_time\" content=\"2026-03-19T15:57:51+00:00\" \/>\n<meta property=\"og:image\" content=\"https:\/\/preparts.cat\/wp-content\/uploads\/2020\/05\/Preparts-icon-s.png\" \/>\n\t<meta property=\"og:image:width\" content=\"100\" \/>\n\t<meta property=\"og:image:height\" content=\"100\" \/>\n\t<meta property=\"og:image:type\" content=\"image\/png\" \/>\n<meta name=\"twitter:card\" content=\"summary_large_image\" \/>\n<meta name=\"twitter:label1\" content=\"Temps estimat de lectura\" \/>\n\t<meta name=\"twitter:data1\" content=\"3 minuts\" \/>\n<script type=\"application\/ld+json\" class=\"yoast-schema-graph\">{\"@context\":\"https:\/\/schema.org\",\"@graph\":[{\"@type\":\"WebPage\",\"@id\":\"https:\/\/preparts.cat\/ca\/politica-de-etica\/\",\"url\":\"https:\/\/preparts.cat\/ca\/politica-de-etica\/\",\"name\":\"Pol\u00edtica d'\u00c8tica - Precission Parts Preparts\",\"isPartOf\":{\"@id\":\"https:\/\/preparts.cat\/ca\/#website\"},\"datePublished\":\"2025-11-26T15:19:49+00:00\",\"dateModified\":\"2026-03-19T15:57:51+00:00\",\"breadcrumb\":{\"@id\":\"https:\/\/preparts.cat\/ca\/politica-de-etica\/#breadcrumb\"},\"inLanguage\":\"ca\",\"potentialAction\":[{\"@type\":\"ReadAction\",\"target\":[\"https:\/\/preparts.cat\/ca\/politica-de-etica\/\"]}]},{\"@type\":\"BreadcrumbList\",\"@id\":\"https:\/\/preparts.cat\/ca\/politica-de-etica\/#breadcrumb\",\"itemListElement\":[{\"@type\":\"ListItem\",\"position\":1,\"name\":\"Portada\",\"item\":\"https:\/\/preparts.cat\/ca\/\"},{\"@type\":\"ListItem\",\"position\":2,\"name\":\"Pol\u00edtica d&#8217;\u00c8tica\"}]},{\"@type\":\"WebSite\",\"@id\":\"https:\/\/preparts.cat\/ca\/#website\",\"url\":\"https:\/\/preparts.cat\/ca\/\",\"name\":\"Precission Parts Preparts\",\"description\":\"Piezas de decoletaje, mecanizados y torniller\u00eda\",\"publisher\":{\"@id\":\"https:\/\/preparts.cat\/ca\/#organization\"},\"potentialAction\":[{\"@type\":\"SearchAction\",\"target\":{\"@type\":\"EntryPoint\",\"urlTemplate\":\"https:\/\/preparts.cat\/ca\/?s={search_term_string}\"},\"query-input\":{\"@type\":\"PropertyValueSpecification\",\"valueRequired\":true,\"valueName\":\"search_term_string\"}}],\"inLanguage\":\"ca\"},{\"@type\":\"Organization\",\"@id\":\"https:\/\/preparts.cat\/ca\/#organization\",\"name\":\"Precission Parts Preparts\",\"url\":\"https:\/\/preparts.cat\/ca\/\",\"logo\":{\"@type\":\"ImageObject\",\"inLanguage\":\"ca\",\"@id\":\"https:\/\/preparts.cat\/ca\/#\/schema\/logo\/image\/\",\"url\":\"https:\/\/preparts.cat\/wp-content\/uploads\/2020\/05\/Preparts-icon-s.png\",\"contentUrl\":\"https:\/\/preparts.cat\/wp-content\/uploads\/2020\/05\/Preparts-icon-s.png\",\"width\":100,\"height\":100,\"caption\":\"Precission Parts Preparts\"},\"image\":{\"@id\":\"https:\/\/preparts.cat\/ca\/#\/schema\/logo\/image\/\"}}]}<\/script>\n<!-- \/ Yoast SEO plugin. -->","yoast_head_json":{"title":"Pol\u00edtica d'\u00c8tica - Precission Parts Preparts","robots":{"index":"index","follow":"follow","max-snippet":"max-snippet:-1","max-image-preview":"max-image-preview:large","max-video-preview":"max-video-preview:-1"},"canonical":"https:\/\/preparts.cat\/ca\/politica-de-etica\/","og_locale":"ca_ES","og_type":"article","og_title":"Pol\u00edtica d'\u00c8tica - Precission Parts Preparts","og_description":"POL\u00cdTICA D&#8217;\u00c8TICA, CONDUCTA I SOSTENIBILITAT La conducta \u00e8tica com a garantia de la nostra sostenibilitat \u00e9s un valor fonamental en el desenvolupament del nostre treball, \u00e9s un factor generador de&hellip;","og_url":"https:\/\/preparts.cat\/ca\/politica-de-etica\/","og_site_name":"Precission Parts Preparts","article_modified_time":"2026-03-19T15:57:51+00:00","og_image":[{"width":100,"height":100,"url":"https:\/\/preparts.cat\/wp-content\/uploads\/2020\/05\/Preparts-icon-s.png","type":"image\/png"}],"twitter_card":"summary_large_image","twitter_misc":{"Temps estimat de lectura":"3 minuts"},"schema":{"@context":"https:\/\/schema.org","@graph":[{"@type":"WebPage","@id":"https:\/\/preparts.cat\/ca\/politica-de-etica\/","url":"https:\/\/preparts.cat\/ca\/politica-de-etica\/","name":"Pol\u00edtica d'\u00c8tica - Precission Parts Preparts","isPartOf":{"@id":"https:\/\/preparts.cat\/ca\/#website"},"datePublished":"2025-11-26T15:19:49+00:00","dateModified":"2026-03-19T15:57:51+00:00","breadcrumb":{"@id":"https:\/\/preparts.cat\/ca\/politica-de-etica\/#breadcrumb"},"inLanguage":"ca","potentialAction":[{"@type":"ReadAction","target":["https:\/\/preparts.cat\/ca\/politica-de-etica\/"]}]},{"@type":"BreadcrumbList","@id":"https:\/\/preparts.cat\/ca\/politica-de-etica\/#breadcrumb","itemListElement":[{"@type":"ListItem","position":1,"name":"Portada","item":"https:\/\/preparts.cat\/ca\/"},{"@type":"ListItem","position":2,"name":"Pol\u00edtica d&#8217;\u00c8tica"}]},{"@type":"WebSite","@id":"https:\/\/preparts.cat\/ca\/#website","url":"https:\/\/preparts.cat\/ca\/","name":"Precission Parts Preparts","description":"Piezas de decoletaje, mecanizados y torniller\u00eda","publisher":{"@id":"https:\/\/preparts.cat\/ca\/#organization"},"potentialAction":[{"@type":"SearchAction","target":{"@type":"EntryPoint","urlTemplate":"https:\/\/preparts.cat\/ca\/?s={search_term_string}"},"query-input":{"@type":"PropertyValueSpecification","valueRequired":true,"valueName":"search_term_string"}}],"inLanguage":"ca"},{"@type":"Organization","@id":"https:\/\/preparts.cat\/ca\/#organization","name":"Precission Parts Preparts","url":"https:\/\/preparts.cat\/ca\/","logo":{"@type":"ImageObject","inLanguage":"ca","@id":"https:\/\/preparts.cat\/ca\/#\/schema\/logo\/image\/","url":"https:\/\/preparts.cat\/wp-content\/uploads\/2020\/05\/Preparts-icon-s.png","contentUrl":"https:\/\/preparts.cat\/wp-content\/uploads\/2020\/05\/Preparts-icon-s.png","width":100,"height":100,"caption":"Precission Parts Preparts"},"image":{"@id":"https:\/\/preparts.cat\/ca\/#\/schema\/logo\/image\/"}}]}},"_links":{"self":[{"href":"https:\/\/preparts.cat\/ca\/wp-json\/wp\/v2\/pages\/17736","targetHints":{"allow":["GET"]}}],"collection":[{"href":"https:\/\/preparts.cat\/ca\/wp-json\/wp\/v2\/pages"}],"about":[{"href":"https:\/\/preparts.cat\/ca\/wp-json\/wp\/v2\/types\/page"}],"author":[{"embeddable":true,"href":"https:\/\/preparts.cat\/ca\/wp-json\/wp\/v2\/users\/2"}],"replies":[{"embeddable":true,"href":"https:\/\/preparts.cat\/ca\/wp-json\/wp\/v2\/comments?post=17736"}],"version-history":[{"count":3,"href":"https:\/\/preparts.cat\/ca\/wp-json\/wp\/v2\/pages\/17736\/revisions"}],"predecessor-version":[{"id":17740,"href":"https:\/\/preparts.cat\/ca\/wp-json\/wp\/v2\/pages\/17736\/revisions\/17740"}],"wp:attachment":[{"href":"https:\/\/preparts.cat\/ca\/wp-json\/wp\/v2\/media?parent=17736"}],"curies":[{"name":"wp","href":"https:\/\/api.w.org\/{rel}","templated":true}]}}