{"id":17741,"date":"2025-11-26T15:07:17","date_gmt":"2025-11-26T15:07:17","guid":{"rendered":"https:\/\/preparts.cat\/politica-de-sig\/"},"modified":"2026-03-19T16:11:11","modified_gmt":"2026-03-19T16:11:11","slug":"politica-de-sig","status":"publish","type":"page","link":"https:\/\/preparts.cat\/ca\/politica-de-sig\/","title":{"rendered":"Pol\u00edtica de SIG"},"content":{"rendered":"\t\t<div data-elementor-type=\"wp-page\" data-elementor-id=\"17741\" class=\"elementor elementor-17741 elementor-17440\">\n\t\t\t\t\t\t<section class=\"elementor-section elementor-top-section elementor-element elementor-element-30f09bc elementor-section-boxed elementor-section-height-default elementor-section-height-default sc_fly_static\" data-id=\"30f09bc\" data-element_type=\"section\">\n\t\t\t\t\t\t<div class=\"elementor-container elementor-column-gap-extended\">\n\t\t\t\t\t<div class=\"elementor-column elementor-col-100 elementor-top-column elementor-element elementor-element-0a74688 sc_content_align_inherit sc_layouts_column_icons_position_left sc_fly_static\" data-id=\"0a74688\" data-element_type=\"column\">\n\t\t\t<div class=\"elementor-widget-wrap elementor-element-populated\">\n\t\t\t\t\t\t<div class=\"elementor-element elementor-element-d6cf9b7 sc_fly_static elementor-widget elementor-widget-text-editor\" data-id=\"d6cf9b7\" data-element_type=\"widget\" data-widget_type=\"text-editor.default\">\n\t\t\t\t<div class=\"elementor-widget-container\">\n\t\t\t\t\t\t\t\t\t<p><span style=\"text-decoration: underline;\"><strong>POL\u00cdTICA DEL SISTEMA INTEGRAL DE GESTI\u00d3<\/strong><\/span><\/p><p><strong>OBJECTIU<\/strong><\/p><p>La missi\u00f3 de Preparts S.L. \u00e9s dur a terme la seva activitat de fabricaci\u00f3 de peces de degollatge i rectificat de peces, millorant cont\u00ednuament la seva qualitat, situant-se un pas per davant de les expectatives dels clients.<br \/>El nostre objectiu \u00e9s ser el prove\u00efdor l\u00edder en la zona, i reconegut en tot el sector.<br \/>El futur de la nostra organitzaci\u00f3 estar\u00e0 assegurat a trav\u00e9s del comprom\u00eds de qualitat amb els productes que fabriquem, l&#8217;enfocament de servei als nostres clients, aix\u00ed com per la qualificaci\u00f3 i implicaci\u00f3 dels nostres emprats<\/p><p><strong>COMPROM\u00cdS<\/strong><\/p><p>L&#8217;obstinaci\u00f3 per satisfer al client ser\u00e0 el punt de mira de tot el que fem. El futur de la nostra organitzaci\u00f3 estar\u00e0 determinat per la qualitat de la nostra resposta a les necessitats del client i un comprom\u00eds per a la prevenci\u00f3 de la contaminaci\u00f3, l&#8217;\u00fas sostenible de recursos, la mitigaci\u00f3 o adaptaci\u00f3 al canvi clim\u00e0tic i la protecci\u00f3 de la biodiversitat i de l&#8217;ecosistema.<br \/>La base fonamental de la for\u00e7a de la nostra organitzaci\u00f3. resideix en els seus empleats, als quals procurarem en tot moment un entorn de treball que faciliti la seva motivaci\u00f3, compet\u00e8ncia i orgull per la seva contribuci\u00f3 al treball realitzat, amb una pol\u00edtica de toler\u00e0ncia Zero respecte a la discriminaci\u00f3 laboral, concorde al nostre codi \u00e8tic, de conducta i sostenibilitat.<br \/>Potenciarem l&#8217;\u00fas sostenible de recursos, la mitigaci\u00f3 o adaptaci\u00f3 al canvi clim\u00e0tic i la protecci\u00f3 de la biodiversitat i de l&#8217;ecosistema. Analitzant, pal\u00b7liant, reduint i\/o compensant la nostra petjada de carboni i el seu impacte mediambiental.<\/p><p><strong>VALORS OPERATIUS<\/strong><\/p><p>Secundarem, donarem suport i a m\u00e9s desenvoluparem una organitzaci\u00f3 que:<\/p><ul><li>Estigui centrada en la millora cont\u00ednua.<\/li><li>Estigui dirigida a satisfer les expectatives dels clients i de les parts interessades.<\/li><li>Identificaci\u00f3 i Avaluaci\u00f3 continuada dels nostres aspectes ambientals, aix\u00ed com el de les nostres parts interessades amb aspectes ambientals cr\u00edtics.<\/li><li>Es basi en el treball en equip, amb integritat, transpar\u00e8ncia, empatia i comprom\u00eds a cobrir les necessitats de l&#8217;equip.<\/li><li>Es comuniqui obertament i estimuli respostes, valorant la diversitat, la inclusi\u00f3 i el benestar de tots els membres.<\/li><li>Garanteixi l&#8217;adequada formaci\u00f3 i coneixement.<\/li><li>Ofereixi un ambient de treball segur, sostenible i responsable socialment.<\/li><li>Estimuli la iniciativa, la innovaci\u00f3, el talent \u00e8tic i la creativitat.<\/li><li>Reconegui els assoliments individuals i d&#8217;equip.<\/li><li>Delegui la presa de decisions al nivell m\u00e9s baix competent.<\/li><li>Complir els requisits legals que ens apliquen del sector i els acte imposats en el nostre sistema de gesti\u00f3 integral. i potenciar els valors \u00e8tics, (integritat, confian\u00e7a, just\u00edcia, di\u00e0leg, transpar\u00e8ncia, dignitat, legalitat, comprom\u00eds c\u00edvic, ecol\u00f2gic i responsable) a tots els membres de l&#8217;organitzaci\u00f3, extrapolant-los cap a tercers.<\/li><li>Analitzar els factors de riscos de negoci i de sistema, aix\u00ed com les oportunitats que afecten el nostre sector incloent el medi ambient i establir totes les accions necess\u00e0ries per a abordar-los.<\/li><li>Establir major \u00e8mfasi en la capacitat de la nostra empresa per a adaptar-se a canvis r\u00e0pids i gestionar situacions de crisis.<\/li><li>Introduir els mitjans t\u00e8cnics i digitals apropiats per a incrementar la nostra capacitat de servei.<\/li><\/ul><p>Per a aconseguir-ho s&#8217;ha pres l&#8217;estrat\u00e8gia de crear un sistema de qualitat i medi ambient basat en processos, que \u00e9s revisat anualment per una empresa externa acreditada per ENAC, per a aconseguir una certificaci\u00f3 de conformitat segons norma ISO 9001-2015 i ISO 14001.2015. Aix\u00ed mateix fixarem els indicadors corresponents a cadascun dels par\u00e0metres mesurables als quals assignarem valors que constituiran els nostres objectius de la qualitat per al per\u00edode fixat, els quals s&#8217;acompanyaran en el manual i procediments definits per l&#8217;empresa i que seran revisats conjuntament en per\u00edodes prefixats.<\/p><p>Les relacions de la nostra organitzaci\u00f3, internament amb els nostres col\u00b7laboradors i externament amb subcontractistes, prove\u00efdors i clients, seran honestes, objectives i rectes, reconeixent sempre la dignitat de la persona com a membre de l&#8217;equip.<\/p><p>Admetem que aquests s\u00f3n els valors compartits dins de les organitzacions de Precission Parts S.L<\/p>\t\t\t\t\t\t\t\t<\/div>\n\t\t\t\t<\/div>\n\t\t\t\t\t<\/div>\n\t\t<\/div>\n\t\t\t\t\t<\/div>\n\t\t<\/section>\n\t\t\t\t<\/div>\n\t\t","protected":false},"excerpt":{"rendered":"<p>POL\u00cdTICA DEL SISTEMA INTEGRAL DE GESTI\u00d3 OBJECTIU La missi\u00f3 de Preparts S.L. \u00e9s dur a terme la seva activitat de fabricaci\u00f3 de peces de degollatge i rectificat de peces, millorant&hellip;<\/p>\n","protected":false},"author":2,"featured_media":0,"parent":0,"menu_order":0,"comment_status":"closed","ping_status":"closed","template":"","meta":{"footnotes":""},"class_list":["post-17741","page","type-page","status-publish","hentry"],"yoast_head":"<!-- This site is optimized with the Yoast SEO plugin v27.1.1 - https:\/\/yoast.com\/product\/yoast-seo-wordpress\/ -->\n<title>Pol\u00edtica de SIG - Precission Parts Preparts<\/title>\n<meta name=\"robots\" content=\"index, follow, max-snippet:-1, max-image-preview:large, max-video-preview:-1\" \/>\n<link rel=\"canonical\" href=\"https:\/\/preparts.cat\/ca\/politica-de-sig\/\" \/>\n<meta property=\"og:locale\" content=\"ca_ES\" \/>\n<meta property=\"og:type\" content=\"article\" \/>\n<meta property=\"og:title\" content=\"Pol\u00edtica de SIG - Precission Parts Preparts\" \/>\n<meta property=\"og:description\" content=\"POL\u00cdTICA DEL SISTEMA INTEGRAL DE GESTI\u00d3 OBJECTIU La missi\u00f3 de Preparts S.L. \u00e9s dur a terme la seva activitat de fabricaci\u00f3 de peces de degollatge i rectificat de peces, millorant&hellip;\" \/>\n<meta property=\"og:url\" content=\"https:\/\/preparts.cat\/ca\/politica-de-sig\/\" \/>\n<meta property=\"og:site_name\" content=\"Precission Parts Preparts\" \/>\n<meta property=\"article:modified_time\" content=\"2026-03-19T16:11:11+00:00\" \/>\n<meta property=\"og:image\" content=\"https:\/\/preparts.cat\/wp-content\/uploads\/2020\/05\/Preparts-icon-s.png\" \/>\n\t<meta property=\"og:image:width\" content=\"100\" \/>\n\t<meta property=\"og:image:height\" content=\"100\" \/>\n\t<meta property=\"og:image:type\" content=\"image\/png\" \/>\n<meta name=\"twitter:card\" content=\"summary_large_image\" \/>\n<meta name=\"twitter:label1\" content=\"Temps estimat de lectura\" \/>\n\t<meta name=\"twitter:data1\" content=\"4 minuts\" \/>\n<script type=\"application\/ld+json\" class=\"yoast-schema-graph\">{\"@context\":\"https:\/\/schema.org\",\"@graph\":[{\"@type\":\"WebPage\",\"@id\":\"https:\/\/preparts.cat\/ca\/politica-de-sig\/\",\"url\":\"https:\/\/preparts.cat\/ca\/politica-de-sig\/\",\"name\":\"Pol\u00edtica de SIG - Precission Parts Preparts\",\"isPartOf\":{\"@id\":\"https:\/\/preparts.cat\/ca\/#website\"},\"datePublished\":\"2025-11-26T15:07:17+00:00\",\"dateModified\":\"2026-03-19T16:11:11+00:00\",\"breadcrumb\":{\"@id\":\"https:\/\/preparts.cat\/ca\/politica-de-sig\/#breadcrumb\"},\"inLanguage\":\"ca\",\"potentialAction\":[{\"@type\":\"ReadAction\",\"target\":[\"https:\/\/preparts.cat\/ca\/politica-de-sig\/\"]}]},{\"@type\":\"BreadcrumbList\",\"@id\":\"https:\/\/preparts.cat\/ca\/politica-de-sig\/#breadcrumb\",\"itemListElement\":[{\"@type\":\"ListItem\",\"position\":1,\"name\":\"Portada\",\"item\":\"https:\/\/preparts.cat\/ca\/\"},{\"@type\":\"ListItem\",\"position\":2,\"name\":\"Pol\u00edtica de SIG\"}]},{\"@type\":\"WebSite\",\"@id\":\"https:\/\/preparts.cat\/ca\/#website\",\"url\":\"https:\/\/preparts.cat\/ca\/\",\"name\":\"Precission Parts Preparts\",\"description\":\"Piezas de decoletaje, mecanizados y torniller\u00eda\",\"publisher\":{\"@id\":\"https:\/\/preparts.cat\/ca\/#organization\"},\"potentialAction\":[{\"@type\":\"SearchAction\",\"target\":{\"@type\":\"EntryPoint\",\"urlTemplate\":\"https:\/\/preparts.cat\/ca\/?s={search_term_string}\"},\"query-input\":{\"@type\":\"PropertyValueSpecification\",\"valueRequired\":true,\"valueName\":\"search_term_string\"}}],\"inLanguage\":\"ca\"},{\"@type\":\"Organization\",\"@id\":\"https:\/\/preparts.cat\/ca\/#organization\",\"name\":\"Precission Parts Preparts\",\"url\":\"https:\/\/preparts.cat\/ca\/\",\"logo\":{\"@type\":\"ImageObject\",\"inLanguage\":\"ca\",\"@id\":\"https:\/\/preparts.cat\/ca\/#\/schema\/logo\/image\/\",\"url\":\"https:\/\/preparts.cat\/wp-content\/uploads\/2020\/05\/Preparts-icon-s.png\",\"contentUrl\":\"https:\/\/preparts.cat\/wp-content\/uploads\/2020\/05\/Preparts-icon-s.png\",\"width\":100,\"height\":100,\"caption\":\"Precission Parts Preparts\"},\"image\":{\"@id\":\"https:\/\/preparts.cat\/ca\/#\/schema\/logo\/image\/\"}}]}<\/script>\n<!-- \/ Yoast SEO plugin. -->","yoast_head_json":{"title":"Pol\u00edtica de SIG - Precission Parts Preparts","robots":{"index":"index","follow":"follow","max-snippet":"max-snippet:-1","max-image-preview":"max-image-preview:large","max-video-preview":"max-video-preview:-1"},"canonical":"https:\/\/preparts.cat\/ca\/politica-de-sig\/","og_locale":"ca_ES","og_type":"article","og_title":"Pol\u00edtica de SIG - Precission Parts Preparts","og_description":"POL\u00cdTICA DEL SISTEMA INTEGRAL DE GESTI\u00d3 OBJECTIU La missi\u00f3 de Preparts S.L. \u00e9s dur a terme la seva activitat de fabricaci\u00f3 de peces de degollatge i rectificat de peces, millorant&hellip;","og_url":"https:\/\/preparts.cat\/ca\/politica-de-sig\/","og_site_name":"Precission Parts Preparts","article_modified_time":"2026-03-19T16:11:11+00:00","og_image":[{"width":100,"height":100,"url":"https:\/\/preparts.cat\/wp-content\/uploads\/2020\/05\/Preparts-icon-s.png","type":"image\/png"}],"twitter_card":"summary_large_image","twitter_misc":{"Temps estimat de lectura":"4 minuts"},"schema":{"@context":"https:\/\/schema.org","@graph":[{"@type":"WebPage","@id":"https:\/\/preparts.cat\/ca\/politica-de-sig\/","url":"https:\/\/preparts.cat\/ca\/politica-de-sig\/","name":"Pol\u00edtica de SIG - Precission Parts Preparts","isPartOf":{"@id":"https:\/\/preparts.cat\/ca\/#website"},"datePublished":"2025-11-26T15:07:17+00:00","dateModified":"2026-03-19T16:11:11+00:00","breadcrumb":{"@id":"https:\/\/preparts.cat\/ca\/politica-de-sig\/#breadcrumb"},"inLanguage":"ca","potentialAction":[{"@type":"ReadAction","target":["https:\/\/preparts.cat\/ca\/politica-de-sig\/"]}]},{"@type":"BreadcrumbList","@id":"https:\/\/preparts.cat\/ca\/politica-de-sig\/#breadcrumb","itemListElement":[{"@type":"ListItem","position":1,"name":"Portada","item":"https:\/\/preparts.cat\/ca\/"},{"@type":"ListItem","position":2,"name":"Pol\u00edtica de SIG"}]},{"@type":"WebSite","@id":"https:\/\/preparts.cat\/ca\/#website","url":"https:\/\/preparts.cat\/ca\/","name":"Precission Parts Preparts","description":"Piezas de decoletaje, mecanizados y torniller\u00eda","publisher":{"@id":"https:\/\/preparts.cat\/ca\/#organization"},"potentialAction":[{"@type":"SearchAction","target":{"@type":"EntryPoint","urlTemplate":"https:\/\/preparts.cat\/ca\/?s={search_term_string}"},"query-input":{"@type":"PropertyValueSpecification","valueRequired":true,"valueName":"search_term_string"}}],"inLanguage":"ca"},{"@type":"Organization","@id":"https:\/\/preparts.cat\/ca\/#organization","name":"Precission Parts Preparts","url":"https:\/\/preparts.cat\/ca\/","logo":{"@type":"ImageObject","inLanguage":"ca","@id":"https:\/\/preparts.cat\/ca\/#\/schema\/logo\/image\/","url":"https:\/\/preparts.cat\/wp-content\/uploads\/2020\/05\/Preparts-icon-s.png","contentUrl":"https:\/\/preparts.cat\/wp-content\/uploads\/2020\/05\/Preparts-icon-s.png","width":100,"height":100,"caption":"Precission Parts Preparts"},"image":{"@id":"https:\/\/preparts.cat\/ca\/#\/schema\/logo\/image\/"}}]}},"_links":{"self":[{"href":"https:\/\/preparts.cat\/ca\/wp-json\/wp\/v2\/pages\/17741","targetHints":{"allow":["GET"]}}],"collection":[{"href":"https:\/\/preparts.cat\/ca\/wp-json\/wp\/v2\/pages"}],"about":[{"href":"https:\/\/preparts.cat\/ca\/wp-json\/wp\/v2\/types\/page"}],"author":[{"embeddable":true,"href":"https:\/\/preparts.cat\/ca\/wp-json\/wp\/v2\/users\/2"}],"replies":[{"embeddable":true,"href":"https:\/\/preparts.cat\/ca\/wp-json\/wp\/v2\/comments?post=17741"}],"version-history":[{"count":3,"href":"https:\/\/preparts.cat\/ca\/wp-json\/wp\/v2\/pages\/17741\/revisions"}],"predecessor-version":[{"id":17744,"href":"https:\/\/preparts.cat\/ca\/wp-json\/wp\/v2\/pages\/17741\/revisions\/17744"}],"wp:attachment":[{"href":"https:\/\/preparts.cat\/ca\/wp-json\/wp\/v2\/media?parent=17741"}],"curies":[{"name":"wp","href":"https:\/\/api.w.org\/{rel}","templated":true}]}}